{"id":6999,"date":"2022-04-06T10:40:52","date_gmt":"2022-04-06T08:40:52","guid":{"rendered":"https:\/\/www.route-romane.com\/contact-us\/"},"modified":"2025-01-28T10:26:14","modified_gmt":"2025-01-28T09:26:14","slug":"contact-us","status":"publish","type":"page","link":"https:\/\/www.route-romane.com\/en\/contact-us\/","title":{"rendered":"Contact us"},"content":{"rendered":"<p>[et_pb_section fb_built=&#8221;1&#8243; admin_label=&#8221;Hero Section&#8221; _builder_version=&#8221;4.16&#8243; use_background_color_gradient=&#8221;on&#8221; background_color_gradient_stops=&#8221;#000000 0%|rgba(0,0,0,0) 100%&#8221; background_color_gradient_overlays_image=&#8221;on&#8221; background_color_gradient_start=&#8221;#000000&#8243; background_color_gradient_end=&#8221;rgba(0,0,0,0)&#8221; background_image=&#8221;https:\/\/www.route-romane.com\/Site\/wp-content\/uploads\/2022\/04\/Ottmarsheim-banniere-scaled.jpg&#8221; custom_margin=&#8221;|||&#8221; custom_padding=&#8221;5%||5%|||&#8221; animation_style=&#8221;fade&#8221; global_colors_info=&#8221;{}&#8221;][et_pb_row _builder_version=&#8221;4.16&#8243; global_colors_info=&#8221;{}&#8221;][et_pb_column type=&#8221;4_4&#8243; _builder_version=&#8221;4.16&#8243; custom_padding=&#8221;|||&#8221; global_colors_info=&#8221;{}&#8221; custom_padding__hover=&#8221;|||&#8221;][et_pb_text _builder_version=&#8221;4.16&#8243; text_font=&#8221;||||||||&#8221; text_font_size=&#8221;20px&#8221; text_line_height=&#8221;1.8em&#8221; header_font=&#8221;Nunito||||||||&#8221; header_font_size=&#8221;70px&#8221; header_line_height=&#8221;1.1em&#8221; header_2_font=&#8221;||||||||&#8221; text_orientation=&#8221;center&#8221; background_layout=&#8221;dark&#8221; module_alignment=&#8221;center&#8221; header_font_size_tablet=&#8221;&#8221; header_font_size_phone=&#8221;48px&#8221; header_font_size_last_edited=&#8221;on|phone&#8221; global_colors_info=&#8221;{}&#8221;]<\/p>\n<h1>Contact us<\/h1>\n<p>[\/et_pb_text][\/et_pb_column][\/et_pb_row][\/et_pb_section][et_pb_section fb_built=&#8221;1&#8243; module_id=&#8221;map&#8221; _builder_version=&#8221;4.20.0&#8243; _module_preset=&#8221;default&#8221; background_color=&#8221;#f7f7f7&#8243; hover_enabled=&#8221;0&#8243; global_colors_info=&#8221;{}&#8221; sticky_enabled=&#8221;0&#8243;][et_pb_row column_structure=&#8221;2_3,1_3&#8243; _builder_version=&#8221;4.20.0&#8243; _module_preset=&#8221;default&#8221; hover_enabled=&#8221;0&#8243; global_colors_info=&#8221;{}&#8221; sticky_enabled=&#8221;0&#8243;][et_pb_column type=&#8221;2_3&#8243; _builder_version=&#8221;4.16&#8243; _module_preset=&#8221;default&#8221; global_colors_info=&#8221;{}&#8221;][et_pb_text admin_label=&#8221;Title&#8221; _builder_version=&#8221;4.16&#8243; text_font=&#8221;||||||||&#8221; text_text_color=&#8221;#000000&#8243; text_line_height=&#8221;1.1em&#8221; header_font=&#8221;||||||||&#8221; header_2_font=&#8221;Nunito|600|||||||&#8221; header_2_text_align=&#8221;left&#8221; header_2_text_color=&#8221;#263954&#8243; header_2_font_size=&#8221;20px&#8221; header_3_font_size=&#8221;14px&#8221; header_4_font=&#8221;||||||||&#8221; header_4_text_color=&#8221;#000000&#8243; custom_margin=&#8221;||5px|&#8221; animation_style=&#8221;fold&#8221; animation_direction=&#8221;bottom&#8221; animation_intensity_fold=&#8221;20%&#8221; animation_starting_opacity=&#8221;100%&#8221; global_colors_info=&#8221;{}&#8221;]<\/p>\n<h1>Head office<\/h1>\n<h4>Association Arts et Lumi\u00e8res en Alsace<\/h4>\n<p>6 rue Jean-Fr\u00e9d\u00e9ric Oberlin<br \/>67000 &#8211; Strasbourg &#8211; France<\/p>\n<p>&nbsp;<\/p>\n<h1>Postal address<\/h1>\n<h4>Association Arts et Lumi\u00e8res en Alsace<\/h4>\n<p>23 boulevard de Lyon<br \/>67000 &#8211; Strasbourg &#8211; France<\/p>\n<p>[\/et_pb_text][\/et_pb_column][et_pb_column type=&#8221;1_3&#8243; _builder_version=&#8221;4.16&#8243; _module_preset=&#8221;default&#8221; global_colors_info=&#8221;{}&#8221;][et_pb_text admin_label=&#8221;Title&#8221; _builder_version=&#8221;4.16&#8243; text_font=&#8221;||||||||&#8221; text_text_color=&#8221;#263954&#8243; text_line_height=&#8221;1.2em&#8221; header_font=&#8221;||||||||&#8221; header_2_font=&#8221;Nunito|600|||||||&#8221; header_2_text_align=&#8221;left&#8221; header_2_text_color=&#8221;#263954&#8243; header_2_font_size=&#8221;20px&#8221; header_3_font_size=&#8221;14px&#8221; custom_margin=&#8221;||5px|&#8221; animation_style=&#8221;fold&#8221; animation_direction=&#8221;bottom&#8221; animation_intensity_fold=&#8221;20%&#8221; animation_starting_opacity=&#8221;100%&#8221; global_colors_info=&#8221;{}&#8221;]<\/p>\n<h2>Beno\u00eet Haller<\/h2>\n<h3>Director<\/h3>\n<p><a href=\"mailto:direction@voix-romane.com\"><span style=\"color: #263954;\">direction@route-romane.com<\/span><\/a><\/p>\n<p>[\/et_pb_text][et_pb_text admin_label=&#8221;Title&#8221; _builder_version=&#8221;4.16&#8243; text_font=&#8221;||||||||&#8221; text_text_color=&#8221;#263954&#8243; text_line_height=&#8221;1.2em&#8221; header_font=&#8221;||||||||&#8221; header_2_font=&#8221;Nunito|600|||||||&#8221; header_2_text_align=&#8221;left&#8221; header_2_text_color=&#8221;#263954&#8243; header_2_font_size=&#8221;20px&#8221; header_3_font_size=&#8221;14px&#8221; custom_margin=&#8221;35px||5px||false|false&#8221; animation_style=&#8221;fold&#8221; animation_direction=&#8221;bottom&#8221; animation_intensity_fold=&#8221;20%&#8221; animation_starting_opacity=&#8221;100%&#8221; global_colors_info=&#8221;{}&#8221;]<\/p>\n<h2>Mathilde Chevrier<\/h2>\n<h3>Events and communications manager<\/h3>\n<p><span style=\"color: #263954;\"><a href=\"mailto:chevrier.accueil@voix-romane.com\" style=\"color: #263954;\">accueil@route-romane.com<\/a><br \/><\/span><span style=\"color: #263954;\"><\/span><span style=\"color: #263954;\">+33 9 50 60 13 93<\/span><\/p>\n<p>[\/et_pb_text][\/et_pb_column][\/et_pb_row][\/et_pb_section]<\/p>\n","protected":false},"excerpt":{"rendered":"<p>Contact usHead office Association Arts et Lumi\u00e8res en Alsace 6 rue Jean-Fr\u00e9d\u00e9ric Oberlin67000 &#8211; Strasbourg &#8211; France &nbsp; Postal address Association Arts et Lumi\u00e8res en Alsace 23 boulevard de Lyon67000 &#8211; Strasbourg &#8211; FranceBeno\u00eet Haller Director direction@route-romane.comMathilde Chevrier Events and communications manager accueil@route-romane.com+33 9 50 60 13 93<\/p>\n","protected":false},"author":3,"featured_media":0,"parent":0,"menu_order":0,"comment_status":"closed","ping_status":"closed","template":"","meta":{"_et_pb_use_builder":"on","_et_pb_old_content":"","_et_gb_content_width":"","footnotes":""},"class_list":["post-6999","page","type-page","status-publish","hentry"],"_links":{"self":[{"href":"https:\/\/www.route-romane.com\/en\/wp-json\/wp\/v2\/pages\/6999","targetHints":{"allow":["GET"]}}],"collection":[{"href":"https:\/\/www.route-romane.com\/en\/wp-json\/wp\/v2\/pages"}],"about":[{"href":"https:\/\/www.route-romane.com\/en\/wp-json\/wp\/v2\/types\/page"}],"author":[{"embeddable":true,"href":"https:\/\/www.route-romane.com\/en\/wp-json\/wp\/v2\/users\/3"}],"replies":[{"embeddable":true,"href":"https:\/\/www.route-romane.com\/en\/wp-json\/wp\/v2\/comments?post=6999"}],"version-history":[{"count":3,"href":"https:\/\/www.route-romane.com\/en\/wp-json\/wp\/v2\/pages\/6999\/revisions"}],"predecessor-version":[{"id":7002,"href":"https:\/\/www.route-romane.com\/en\/wp-json\/wp\/v2\/pages\/6999\/revisions\/7002"}],"wp:attachment":[{"href":"https:\/\/www.route-romane.com\/en\/wp-json\/wp\/v2\/media?parent=6999"}],"curies":[{"name":"wp","href":"https:\/\/api.w.org\/{rel}","templated":true}]}}