{"id":7382,"date":"2022-04-01T08:35:45","date_gmt":"2022-04-01T06:35:45","guid":{"rendered":"https:\/\/www.route-romane.com\/die-romanische-strasse-im-elsass\/rosheim\/dorlisheim\/"},"modified":"2025-01-29T15:18:49","modified_gmt":"2025-01-29T14:18:49","slug":"dorlisheim","status":"publish","type":"page","link":"https:\/\/www.route-romane.com\/de\/alsace\/rosheim\/dorlisheim\/","title":{"rendered":"Dorlisheim"},"content":{"rendered":"<p>[et_pb_section fb_built=&#8220;1&#8243; admin_label=&#8220;Hero Section&#8220; _builder_version=&#8220;4.17.6&#8243; use_background_color_gradient=&#8220;on&#8220; background_color_gradient_stops=&#8220;rgba(0,0,0,0.7) 0%|rgba(0,0,0,0) 100%&#8220; background_color_gradient_overlays_image=&#8220;on&#8220; background_color_gradient_start=&#8220;rgba(0,0,0,0.7)&#8220; background_color_gradient_end=&#8220;rgba(0,0,0,0)&#8220; background_image=&#8220;https:\/\/www.route-romane.com\/Site\/wp-content\/uploads\/2022\/03\/Dorlisheim-8-scaled.jpg&#8220; custom_margin=&#8220;|||&#8220; custom_padding=&#8220;8%||8%|||&#8220; animation_style=&#8220;fade&#8220; hover_enabled=&#8220;0&#8243; global_colors_info=&#8220;{}&#8220; background__hover_enabled=&#8220;off|desktop&#8220; sticky_enabled=&#8220;0&#8243;][et_pb_row _builder_version=&#8220;4.16&#8243; custom_margin=&#8220;|auto|-1px|auto||&#8220; custom_padding=&#8220;||2px|||&#8220; global_colors_info=&#8220;{}&#8220;][et_pb_column type=&#8220;4_4&#8243; _builder_version=&#8220;4.16&#8243; custom_padding=&#8220;|||&#8220; global_colors_info=&#8220;{}&#8220; custom_padding__hover=&#8220;|||&#8220;][et_pb_text _builder_version=&#8220;4.16&#8243; text_font=&#8220;||||||||&#8220; text_font_size=&#8220;24px&#8220; text_line_height=&#8220;1.6em&#8220; header_font=&#8220;Nunito|600|||||||&#8220; header_font_size=&#8220;60px&#8220; header_letter_spacing=&#8220;6px&#8220; header_line_height=&#8220;1.1em&#8220; header_2_font=&#8220;|600|||||||&#8220; header_2_font_size=&#8220;30px&#8220; text_orientation=&#8220;center&#8220; background_layout=&#8220;dark&#8220; module_alignment=&#8220;center&#8220; custom_margin=&#8220;||-3px|||&#8220; header_font_size_tablet=&#8220;&#8220; header_font_size_phone=&#8220;48px&#8220; header_font_size_last_edited=&#8220;on|phone&#8220; header_letter_spacing_tablet=&#8220;6px&#8220; header_letter_spacing_phone=&#8220;1px&#8220; header_letter_spacing_last_edited=&#8220;on|desktop&#8220; header_text_shadow_style=&#8220;preset3&#8243; header_2_text_shadow_style=&#8220;preset3&#8243; global_colors_info=&#8220;{}&#8220;]<\/p>\n<h1 style=\"text-align: center;\">Dorlisheim<\/h1>\n<h2 style=\"text-align: center;\">Protestantische Kirche Saint-Laurent<\/h2>\n<p>[\/et_pb_text][\/et_pb_column][\/et_pb_row][\/et_pb_section][et_pb_section fb_built=&#8220;1&#8243; _builder_version=&#8220;4.16&#8243; _module_preset=&#8220;default&#8220; background_color=&#8220;#f7f2f2&#8243; custom_padding=&#8220;3px||1px|||&#8220; locked=&#8220;off&#8220; global_colors_info=&#8220;{}&#8220;][et_pb_row column_structure=&#8220;3_5,2_5&#8243; module_class=&#8220;pa-inline-buttons&#8220; _builder_version=&#8220;4.16&#8243; _module_preset=&#8220;default&#8220; global_colors_info=&#8220;{}&#8220;][et_pb_column type=&#8220;3_5&#8243; _builder_version=&#8220;4.16&#8243; _module_preset=&#8220;default&#8220; global_colors_info=&#8220;{}&#8220;][et_pb_text admin_label=&#8220;Title&#8220; _builder_version=&#8220;4.16&#8243; text_font=&#8220;||||||||&#8220; header_font=&#8220;||||||||&#8220; header_2_font=&#8220;Nunito||||||||&#8220; header_2_text_align=&#8220;center&#8220; header_2_text_color=&#8220;#263954&#8243; header_2_font_size=&#8220;36px&#8220; header_2_line_height=&#8220;1.1em&#8220; min_height=&#8220;47.4px&#8220; custom_margin=&#8220;||5px|&#8220; custom_padding=&#8220;20px||||false|false&#8220; animation_style=&#8220;fold&#8220; animation_direction=&#8220;bottom&#8220; animation_intensity_fold=&#8220;20%&#8220; animation_starting_opacity=&#8220;100%&#8220; locked=&#8220;off&#8220; global_colors_info=&#8220;{}&#8220;]<\/p>\n<h2 style=\"text-align: left;\">Beschreibung<\/h2>\n<p>[\/et_pb_text][et_pb_divider color=&#8220;#000000&#8243; divider_weight=&#8220;2px&#8220; _builder_version=&#8220;4.16&#8243; max_width=&#8220;50px&#8220; module_alignment=&#8220;left&#8220; custom_margin=&#8220;||0px||false|false&#8220; animation_style=&#8220;fold&#8220; global_colors_info=&#8220;{}&#8220;][\/et_pb_divider][et_pb_text _builder_version=&#8220;4.16&#8243; text_font=&#8220;||||||||&#8220; text_text_color=&#8220;#000000&#8243; text_font_size=&#8220;15px&#8220; text_line_height=&#8220;1.8em&#8220; min_height=&#8220;191px&#8220; custom_margin=&#8220;||0px||false|false&#8220; animation_style=&#8220;fade&#8220; animation_direction=&#8220;bottom&#8220; animation_starting_opacity=&#8220;100%&#8220; global_colors_info=&#8220;{}&#8220;]<\/p>\n<p>Sch\u00f6nes romanisches Geb\u00e4ude. Der Portalturm und das vierjochige Kirchenschiff wurden zwischen 1165 und 1180 errichtet. Die Kreuzgew\u00f6lbe des Kirchenschiffs wurden in der Gotik erneuert, die Korbbogen sind jedoch romanisch. Die Qualit\u00e4t des geschnitzten Dekors innen und au\u00dfen ist bemerkenswert. Das St.-Laurentius-Portal ist wundersch\u00f6n. Der Sturz ist mit zwei Drachen verziert, die Feuer auf einen L\u00f6wenkopf speien, und die Pfosten sind reich mit gedrehten Zierelementen und einer Weinrebe geschm\u00fcckt, die aus den M\u00fcndern von drei Gesichtern herausragt.     <\/p>\n<p>[\/et_pb_text][et_pb_text admin_label=&#8220;Title&#8220; _builder_version=&#8220;4.16&#8243; text_font=&#8220;||||||||&#8220; header_font=&#8220;||||||||&#8220; header_2_font=&#8220;Nunito||||||||&#8220; header_2_text_align=&#8220;center&#8220; header_2_text_color=&#8220;#263954&#8243; header_2_font_size=&#8220;36px&#8220; header_2_line_height=&#8220;1.1em&#8220; min_height=&#8220;47.4px&#8220; custom_margin=&#8220;||5px|&#8220; custom_padding=&#8220;20px||||false|false&#8220; animation_style=&#8220;fold&#8220; animation_direction=&#8220;bottom&#8220; animation_starting_opacity=&#8220;100%&#8220; locked=&#8220;off&#8220; global_colors_info=&#8220;{}&#8220;]<\/p>\n<h2 style=\"text-align: left;\">Fotogalerie<\/h2>\n<p>[\/et_pb_text][et_pb_divider color=&#8220;#000000&#8243; divider_weight=&#8220;2px&#8220; _builder_version=&#8220;4.16&#8243; max_width=&#8220;50px&#8220; module_alignment=&#8220;left&#8220; custom_margin=&#8220;||0px||false|false&#8220; animation_style=&#8220;fold&#8220; global_colors_info=&#8220;{}&#8220;][\/et_pb_divider][et_pb_gallery gallery_ids=&#8220;4361,4363,4365,4367,4369,4371,4373,4375&#8243; fullwidth=&#8220;on&#8220; module_class=&#8220;pa-multi-line-highlight&#8220; _builder_version=&#8220;4.16&#8243; _module_preset=&#8220;default&#8220; custom_margin=&#8220;20px||||false|false&#8220; custom_padding=&#8220;||68px||false|false&#8220; animation_style=&#8220;fade&#8220; auto=&#8220;on&#8220; auto_speed=&#8220;5000&#8243; global_colors_info=&#8220;{}&#8220;][\/et_pb_gallery][\/et_pb_column][et_pb_column type=&#8220;2_5&#8243; _builder_version=&#8220;4.16&#8243; _module_preset=&#8220;default&#8220; global_colors_info=&#8220;{}&#8220;][et_pb_text admin_label=&#8220;Title&#8220; _builder_version=&#8220;4.16&#8243; text_font=&#8220;||||||||&#8220; header_font=&#8220;||||||||&#8220; header_2_font=&#8220;Nunito||||||||&#8220; header_2_text_align=&#8220;center&#8220; header_2_text_color=&#8220;#263954&#8243; header_2_font_size=&#8220;36px&#8220; header_2_line_height=&#8220;1.1em&#8220; min_height=&#8220;47.4px&#8220; custom_margin=&#8220;||5px||false|false&#8220; custom_padding=&#8220;20px||||false|false&#8220; animation_style=&#8220;fold&#8220; animation_direction=&#8220;bottom&#8220; animation_intensity_fold=&#8220;20%&#8220; animation_starting_opacity=&#8220;100%&#8220; locked=&#8220;off&#8220; global_colors_info=&#8220;{}&#8220;]<\/p>\n<h2 style=\"text-align: left;\">Zugeh\u00f6rige Standorte<\/h2>\n<p>[\/et_pb_text][et_pb_divider color=&#8220;#000000&#8243; divider_weight=&#8220;2px&#8220; _builder_version=&#8220;4.16&#8243; max_width=&#8220;50px&#8220; module_alignment=&#8220;left&#8220; custom_margin=&#8220;||5px||false|false&#8220; custom_padding=&#8220;||||false|false&#8220; animation_style=&#8220;fold&#8220; global_colors_info=&#8220;{}&#8220;][\/et_pb_divider][et_pb_code _builder_version=&#8220;4.17.6&#8243; _module_preset=&#8220;default&#8220; custom_margin=&#8220;||-5px|||&#8220; global_colors_info=&#8220;{}&#8220;]\n<style>\n\t#hotspot-7513 .hotspots-image-container,\n\t#hotspot-7513 .leaflet-container {\n\t\tbackground: #f7f2f2\t}\n\n\t#hotspot-7513 .hotspots-placeholder,\n\t.featherlight .featherlight-content.lightbox-7513 {\n\t\tbackground: #2e2d29;\n\t\tborder: 0 #2e2d29 solid;\n\t\tcolor: #dfebe5;\n\t}\n\n\t#hotspot-7513 .hotspot-title,\n\t#hotspot-7513 .bc-product__title a,\n\t.featherlight .featherlight-content.lightbox-7513 .hotspot-title,\n\t.featherlight .featherlight-content.lightbox-7513 .bc-product__title a {\n\t\tcolor: #93c7a4;\n\t}\n\n\t\t\t#hotspot-7513 .hotspot-style-1 {\n\t\t\tstroke-width: 2;\n\t\t\tfill: #ffffff;\n\t\t\tfill-opacity: 0;\n\t\t\tstroke: #ffffff;\n\t\t\tstroke-opacity: 0;\n\t\t}\n\t\t#hotspot-7513 .hotspot-style-1:hover,\n\t\t#hotspot-7513 .hotspot-style-1:focus-visible,\n\t\t#hotspot-7513 .hotspot-style-1.hotspot-active {\n\t\t\tfill: #ffffff;\n\t\t\tfill-opacity: 0.81;\n\t\t\toutline: none;\n\t\t\tstroke: #ffffff;\n\t\t\tstroke-opacity: 0.01;\n\t\t}\n\t\t\t#hotspot-7513 .hotspot-default {\n\t\t\tstroke-width: 2;\n\t\t\tfill: #ffffff;\n\t\t\tfill-opacity: 0;\n\t\t\tstroke: #ffffff;\n\t\t\tstroke-opacity: 0;\n\t\t}\n\t\t#hotspot-7513 .hotspot-default:hover,\n\t\t#hotspot-7513 .hotspot-default:focus-visible,\n\t\t#hotspot-7513 .hotspot-default.hotspot-active {\n\t\t\tfill: #3ca2a2;\n\t\t\tfill-opacity: 0.01;\n\t\t\toutline: none;\n\t\t\tstroke: #235b6e;\n\t\t\tstroke-opacity: 0.01;\n\t\t}\n\t\t#hotspot-7513 .leaflet-tooltip,\n\t#hotspot-7513 .leaflet-rrose-content-wrapper {\n\t\tbackground: #2e2d29;\n\t\tborder-color: #2e2d29;\n\t\tcolor: #dfebe5;\n\t}\n\n\t#hotspot-7513 a.leaflet-rrose-close-button {\n\t\tcolor: #93c7a4;\n\t}\n\n\t#hotspot-7513 .leaflet-rrose-tip {\n\t\tbackground: #2e2d29;\n\t}\n\n\t#hotspot-7513 .leaflet-popup-scrolled {\n\t\tborder-bottom-color: #dfebe5;\n\t\tborder-top-color: #dfebe5;\n\t}\n\n\t#hotspot-7513 .leaflet-tooltip-top:before {\n\t\tborder-top-color: #2e2d29;\n\t}\n\n\t#hotspot-7513 .leaflet-tooltip-bottom:before {\n\t\tborder-bottom-color: #2e2d29;\n\t}\n\t#hotspot-7513 .leaflet-tooltip-left:before {\n\t\tborder-left-color: #2e2d29;\n\t}\n\t#hotspot-7513 .leaflet-tooltip-right:before {\n\t\tborder-right-color: #2e2d29;\n\t}\n<\/style>\n\n\n\t<div class=\"hotspots-container links-only layout-bottom event-click\" id=\"hotspot-7513\" data-layout=\"bottom\" data-trigger=\"click\">\n\t\t<div class=\"hotspots-interaction\">\n\t\t\t<div class=\"hotspots-image-container\">\n\t<img\n\t\twidth=\"700\"\n\t\theight=\"700\"\n\t\tsrc=\"https:\/\/www.route-romane.com\/Site\/wp-content\/uploads\/2023\/01\/Zone-Rosheim-Alsace.png\"\n\t\talt=\"Rosheim\"\n\t\tclass=\"hotspots-image skip-lazy\"\n\t\tusemap=\"#hotspots-image-7513\"\n\t\tdata-image-title=\"Rosheim\"\n\t\tdata-image-description=\"\"\n\t\tdata-event-trigger=\"click\"\n\t\tdata-always-visible=\"false\"\n\t\tdata-id=\"7513\"\n\t\tdata-no-lazy=\"1\"\n\t\tdata-lazy-src=\"\"\n\t\tdata-lazy=\"false\"\n\t\tloading=\"eager\"\n\t\tdata-skip-lazy=\"1\"\n\t\t>\n<\/div>\t\t<\/div>\n\t\t<map name=\"hotspots-image-7513\" class=\"hotspots-map\">\n\t\t\t\t\t\t\t\t\t\t\t<area\n\t\t\t\t\tshape=\"polygon\"\n\t\t\t\t\tcoords=\"310,352,431,354,429,375,391,375,393,398,367,395,363,377,315,374\"\n\t\t\t\t\thref=\"https:\/\/www.route-romane.com\/de\/alsace\/rosheim\/traenheim\/\"\n\t\t\t\t\trel=\"\"\n\t\t\t\t\ttitle=\"Traenheim\"\n\t\t\t\t\talt=\"Traenheim\"\n\t\t\t\t\tdata-action=\"url\"\n\t\t\t\t\tdata-color-scheme=\"\"\n\t\t\t\t\tdata-id=\"area-hotspot-7513-0\"\n\t\t\t\t\ttarget=\"\"\n\t\t\t\t\tclass=\"url-area\"\n\t\t\t\t\t>\n\t\t\t\t\t\t\t\t\t\t\t<area\n\t\t\t\t\tshape=\"polygon\"\n\t\t\t\t\tcoords=\"403,384,653,384,653,413,407,411\"\n\t\t\t\t\thref=\"https:\/\/www.route-romane.com\/de\/alsace\/rosheim\/scharrachbergheim\/\"\n\t\t\t\t\trel=\"\"\n\t\t\t\t\ttitle=\"Scharrachbergheim\"\n\t\t\t\t\talt=\"Scharrachbergheim\"\n\t\t\t\t\tdata-action=\"url\"\n\t\t\t\t\tdata-color-scheme=\"\"\n\t\t\t\t\tdata-id=\"area-hotspot-7513-1\"\n\t\t\t\t\ttarget=\"\"\n\t\t\t\t\tclass=\"url-area\"\n\t\t\t\t\t>\n\t\t\t\t\t\t\t\t\t\t\t<area\n\t\t\t\t\tshape=\"polygon\"\n\t\t\t\t\tcoords=\"491,429,647,433,646,461,492,458\"\n\t\t\t\t\thref=\"https:\/\/www.route-romane.com\/de\/alsace\/rosheim\/ergersheim\/\"\n\t\t\t\t\trel=\"\"\n\t\t\t\t\ttitle=\"Ergersheim\"\n\t\t\t\t\talt=\"Ergersheim\"\n\t\t\t\t\tdata-action=\"url\"\n\t\t\t\t\tdata-color-scheme=\"\"\n\t\t\t\t\tdata-id=\"area-hotspot-7513-2\"\n\t\t\t\t\ttarget=\"\"\n\t\t\t\t\tclass=\"url-area\"\n\t\t\t\t\t>\n\t\t\t\t\t\t\t\t\t\t\t<area\n\t\t\t\t\tshape=\"polygon\"\n\t\t\t\t\tcoords=\"466,470,580,469,582,492,467,495\"\n\t\t\t\t\thref=\"https:\/\/www.route-romane.com\/de\/alsace\/rosheim\/altorf\/\"\n\t\t\t\t\trel=\"\"\n\t\t\t\t\ttitle=\"Altdorf\"\n\t\t\t\t\talt=\"Altdorf\"\n\t\t\t\t\tdata-action=\"url\"\n\t\t\t\t\tdata-color-scheme=\"\"\n\t\t\t\t\tdata-id=\"area-hotspot-7513-3\"\n\t\t\t\t\ttarget=\"\"\n\t\t\t\t\tclass=\"url-area\"\n\t\t\t\t\t>\n\t\t\t\t\t\t\t\t\t\t\t<area\n\t\t\t\t\tshape=\"polygon\"\n\t\t\t\t\tcoords=\"334,445,460,449,460,469,409,473,409,495,387,492,381,472,337,472\"\n\t\t\t\t\thref=\"https:\/\/www.route-romane.com\/de\/alsace\/rosheim\/dorlisheim\/\"\n\t\t\t\t\trel=\"\"\n\t\t\t\t\ttitle=\"Dorlisheim\"\n\t\t\t\t\talt=\"Dorlisheim\"\n\t\t\t\t\tdata-action=\"url\"\n\t\t\t\t\tdata-color-scheme=\"\"\n\t\t\t\t\tdata-id=\"area-hotspot-7513-4\"\n\t\t\t\t\ttarget=\"\"\n\t\t\t\t\tclass=\"url-area\"\n\t\t\t\t\t>\n\t\t\t\t\t\t\t\t\t\t\t<area\n\t\t\t\t\tshape=\"polygon\"\n\t\t\t\t\tcoords=\"275,522,385,521,386,550,363,545,276,545\"\n\t\t\t\t\thref=\"https:\/\/www.route-romane.com\/de\/alsace\/rosheim\/boersch\/\"\n\t\t\t\t\trel=\"\"\n\t\t\t\t\ttitle=\"B\u0153rsch\"\n\t\t\t\t\talt=\"B\u0153rsch\"\n\t\t\t\t\tdata-action=\"url\"\n\t\t\t\t\tdata-color-scheme=\"\"\n\t\t\t\t\tdata-id=\"area-hotspot-7513-5\"\n\t\t\t\t\ttarget=\"\"\n\t\t\t\t\tclass=\"url-area\"\n\t\t\t\t\t>\n\t\t\t\t\t\t\t\t\t\t\t<area\n\t\t\t\t\tshape=\"polygon\"\n\t\t\t\t\tcoords=\"254,548,367,553,371,569,256,571\"\n\t\t\t\t\thref=\"https:\/\/www.route-romane.com\/de\/ottrott\/\"\n\t\t\t\t\trel=\"\"\n\t\t\t\t\ttitle=\"Ottrott\"\n\t\t\t\t\talt=\"Ottrott\"\n\t\t\t\t\tdata-action=\"url\"\n\t\t\t\t\tdata-color-scheme=\"\"\n\t\t\t\t\tdata-id=\"area-hotspot-7513-6\"\n\t\t\t\t\ttarget=\"\"\n\t\t\t\t\tclass=\"url-area\"\n\t\t\t\t\t>\n\t\t\t\t\t\t\t\t\t\t\t<area\n\t\t\t\t\tshape=\"polygon\"\n\t\t\t\t\tcoords=\"207,571,373,573,375,597,203,597\"\n\t\t\t\t\thref=\"https:\/\/www.route-romane.com\/de\/alsace\/rosheim\/saint-nabor\/\"\n\t\t\t\t\trel=\"\"\n\t\t\t\t\ttitle=\"Saint-Nabor\"\n\t\t\t\t\talt=\"Saint-Nabor\"\n\t\t\t\t\tdata-action=\"url\"\n\t\t\t\t\tdata-color-scheme=\"\"\n\t\t\t\t\tdata-id=\"area-hotspot-7513-7\"\n\t\t\t\t\ttarget=\"\"\n\t\t\t\t\tclass=\"url-area\"\n\t\t\t\t\t>\n\t\t\t\t\t\t\t\t\t\t\t<area\n\t\t\t\t\tshape=\"polygon\"\n\t\t\t\t\tcoords=\"158,446,287,447,290,473,157,470\"\n\t\t\t\t\thref=\"https:\/\/www.route-romane.com\/de\/mollkirch\/\"\n\t\t\t\t\trel=\"\"\n\t\t\t\t\ttitle=\"Mollkirch\"\n\t\t\t\t\talt=\"Mollkirch\"\n\t\t\t\t\tdata-action=\"url\"\n\t\t\t\t\tdata-color-scheme=\"\"\n\t\t\t\t\tdata-id=\"area-hotspot-7513-8\"\n\t\t\t\t\ttarget=\"\"\n\t\t\t\t\tclass=\"url-area\"\n\t\t\t\t\t>\n\t\t\t\t\t\t\t\t\t\t\t<area\n\t\t\t\t\tshape=\"polygon\"\n\t\t\t\t\tcoords=\"186,397,331,400,333,417,297,420,299,441,275,443,269,420,183,421\"\n\t\t\t\t\thref=\"https:\/\/www.route-romane.com\/de\/alsace\/rosheim\/dangolsheim\/\"\n\t\t\t\t\trel=\"\"\n\t\t\t\t\ttitle=\"Dangolsheim\"\n\t\t\t\t\talt=\"Dangolsheim\"\n\t\t\t\t\tdata-action=\"url\"\n\t\t\t\t\tdata-color-scheme=\"\"\n\t\t\t\t\tdata-id=\"area-hotspot-7513-9\"\n\t\t\t\t\ttarget=\"\"\n\t\t\t\t\tclass=\"url-area\"\n\t\t\t\t\t>\n\t\t\t\t\t\t\t\t\t\t\t<area\n\t\t\t\t\tshape=\"polygon\"\n\t\t\t\t\tcoords=\"227,369,327,373,339,382,352,385,356,406,338,404,325,392,230,390\"\n\t\t\t\t\thref=\"https:\/\/www.route-romane.com\/de\/alsace\/rosheim\/balbronn\/\"\n\t\t\t\t\trel=\"\"\n\t\t\t\t\ttitle=\"Balbronn\"\n\t\t\t\t\talt=\"Balbronn\"\n\t\t\t\t\tdata-action=\"url\"\n\t\t\t\t\tdata-color-scheme=\"\"\n\t\t\t\t\tdata-id=\"area-hotspot-7513-10\"\n\t\t\t\t\ttarget=\"\"\n\t\t\t\t\tclass=\"url-area\"\n\t\t\t\t\t>\n\t\t\t\t\t\t\t\t\t\t\t<area\n\t\t\t\t\tshape=\"polygon\"\n\t\t\t\t\tcoords=\"315,419,458,419,457,437,314,440\"\n\t\t\t\t\thref=\"https:\/\/www.route-romane.com\/de\/alsace\/rosheim\/avolsheim\/\"\n\t\t\t\t\trel=\"\"\n\t\t\t\t\ttitle=\"Avolsheim\"\n\t\t\t\t\talt=\"Avolsheim\"\n\t\t\t\t\tdata-action=\"url\"\n\t\t\t\t\tdata-color-scheme=\"\"\n\t\t\t\t\tdata-id=\"area-hotspot-7513-11\"\n\t\t\t\t\ttarget=\"\"\n\t\t\t\t\tclass=\"url-area\"\n\t\t\t\t\t>\n\t\t\t\t\t\t\t\t\t\t\t<area\n\t\t\t\t\tshape=\"polygon\"\n\t\t\t\t\tcoords=\"140,475,313,477,317,509,235,514,235,547,194,549,194,512,138,512\"\n\t\t\t\t\thref=\"https:\/\/www.route-romane.com\/de\/alsace\/rosheim\/\"\n\t\t\t\t\trel=\"\"\n\t\t\t\t\ttitle=\"Rosheim\"\n\t\t\t\t\talt=\"Rosheim\"\n\t\t\t\t\tdata-action=\"url\"\n\t\t\t\t\tdata-color-scheme=\"\"\n\t\t\t\t\tdata-id=\"area-hotspot-7513-12\"\n\t\t\t\t\ttarget=\"\"\n\t\t\t\t\tclass=\"url-area\"\n\t\t\t\t\t>\n\t\t\t\t\t<\/map>\n\n\t\t\n\t\t\t\t\t\t\t\t\t\t\t\t\t\t\t\t\t\t\t\t\t\t\t\t\t\t\t\t\t\t\t\t\t\t\t\t\t\t\t\t\t\t<\/div>\n\n[\/et_pb_code][et_pb_text admin_label=&#8220;Title&#8220; _builder_version=&#8220;4.16&#8243; text_font=&#8220;||||||||&#8220; header_font=&#8220;||||||||&#8220; header_2_font=&#8220;Nunito||||||||&#8220; header_2_text_align=&#8220;center&#8220; header_2_text_color=&#8220;#263954&#8243; header_2_font_size=&#8220;36px&#8220; header_2_line_height=&#8220;1.1em&#8220; min_height=&#8220;47.4px&#8220; custom_margin=&#8220;||5px||false|false&#8220; custom_padding=&#8220;20px||||false|false&#8220; animation_style=&#8220;fold&#8220; animation_direction=&#8220;bottom&#8220; animation_intensity_fold=&#8220;20%&#8220; animation_starting_opacity=&#8220;100%&#8220; locked=&#8220;off&#8220; global_colors_info=&#8220;{}&#8220;]<\/p>\n<h2 style=\"text-align: left;\">Reisef\u00fchrer<\/h2>\n<p>[\/et_pb_text][et_pb_divider color=&#8220;#000000&#8243; divider_weight=&#8220;2px&#8220; _builder_version=&#8220;4.16&#8243; max_width=&#8220;50px&#8220; module_alignment=&#8220;left&#8220; custom_margin=&#8220;||0px||false|false&#8220; custom_padding=&#8220;||||false|false&#8220; animation_style=&#8220;fold&#8220; global_colors_info=&#8220;{}&#8220;][\/et_pb_divider][et_pb_button button_url=&#8220;https:\/\/www.ot-molsheim-mutzig.com\/&#8220; url_new_window=&#8220;on&#8220; button_text=&#8220; Tourist Infos&#8220; button_alignment=&#8220;right&#8220; _builder_version=&#8220;4.16&#8243; _module_preset=&#8220;default&#8220; custom_button=&#8220;on&#8220; button_text_size=&#8220;14px&#8220; button_text_color=&#8220;#000000&#8243; button_bg_color=&#8220;rgba(64,170,158,0.19)&#8220; button_bg_enable_image=&#8220;off&#8220; button_border_width=&#8220;0px&#8220; button_border_color=&#8220;#f7dcdc&#8220; button_border_radius=&#8220;5px&#8220; button_letter_spacing=&#8220;1px&#8220; button_icon=&#8220;&#x70;||divi||400&#8243; button_icon_placement=&#8220;left&#8220; button_on_hover=&#8220;off&#8220; background_layout=&#8220;dark&#8220; custom_margin=&#8220;|20px|||false|false&#8220; animation_style=&#8220;fade&#8220; global_colors_info=&#8220;{}&#8220; background_layout__hover_enabled=&#8220;on|hover&#8220; background_layout__hover=&#8220;light&#8220; transform_styles__hover_enabled=&#8220;on|desktop&#8220; transform_scale__hover_enabled=&#8220;on|desktop&#8220; transform_translate__hover_enabled=&#8220;on|desktop&#8220; transform_rotate__hover_enabled=&#8220;on|desktop&#8220; transform_skew__hover_enabled=&#8220;on|desktop&#8220; transform_origin__hover_enabled=&#8220;on|desktop&#8220; transform_scale__hover=&#8220;110%|110%&#8220;][\/et_pb_button][et_pb_button button_url=&#8220;https:\/\/goo.gl\/maps\/kVBnMDtwVL7VWYjc8&#8243; url_new_window=&#8220;on&#8220; button_text=&#8220; Anreise&#8220; button_alignment=&#8220;center&#8220; _builder_version=&#8220;4.16&#8243; _module_preset=&#8220;default&#8220; custom_button=&#8220;on&#8220; button_text_size=&#8220;14px&#8220; button_text_color=&#8220;#000000&#8243; button_bg_color=&#8220;rgba(64,170,158,0.19)&#8220; button_border_width=&#8220;0px&#8220; button_border_color=&#8220;#f7dcdc&#8220; button_border_radius=&#8220;5px&#8220; button_letter_spacing=&#8220;1px&#8220; button_icon=&#8220;&#xe01f;||divi||400&#8243; button_icon_placement=&#8220;left&#8220; button_on_hover=&#8220;off&#8220; custom_margin=&#8220;||||false|false&#8220; custom_padding=&#8220;||||false|false&#8220; animation_style=&#8220;fade&#8220; global_colors_info=&#8220;{}&#8220; transform_styles__hover_enabled=&#8220;on|hover&#8220; transform_scale__hover_enabled=&#8220;on|hover&#8220; transform_translate__hover_enabled=&#8220;on|desktop&#8220; transform_rotate__hover_enabled=&#8220;on|desktop&#8220; transform_skew__hover_enabled=&#8220;on|desktop&#8220; transform_origin__hover_enabled=&#8220;on|desktop&#8220; transform_scale__hover=&#8220;110%|110%&#8220;][\/et_pb_button][\/et_pb_column][\/et_pb_row][et_pb_row column_structure=&#8220;1_2,1_2&#8243; _builder_version=&#8220;4.16&#8243; _module_preset=&#8220;default&#8220; max_height=&#8220;1000px&#8220; custom_padding=&#8220;3px||||false|false&#8220; animation_style=&#8220;fade&#8220; global_colors_info=&#8220;{}&#8220;][et_pb_column type=&#8220;1_2&#8243; _builder_version=&#8220;4.16&#8243; _module_preset=&#8220;default&#8220; global_colors_info=&#8220;{}&#8220;][et_pb_button button_url=&#8220;@ET-DC@eyJkeW5hbWljIjp0cnVlLCJjb250ZW50IjoicG9zdF9saW5rX3VybF9wYWdlIiwic2V0dGluZ3MiOnsicG9zdF9pZCI6IjE5ODYifX0=@&#8220; button_text=&#8220;Altorf&#8220; button_alignment=&#8220;left&#8220; _builder_version=&#8220;4.17.6&#8243; _dynamic_attributes=&#8220;button_url&#8220; _module_preset=&#8220;default&#8220; custom_button=&#8220;on&#8220; button_text_size=&#8220;18px&#8220; button_text_color=&#8220;#000000&#8243; button_bg_color=&#8220;#f7f2f2&#8243; button_border_width=&#8220;0px&#8220; button_border_radius=&#8220;20px&#8220; button_letter_spacing=&#8220;0px&#8220; button_icon=&#8220;&#x34;||divi||400&#8243; button_icon_placement=&#8220;left&#8220; button_on_hover=&#8220;off&#8220; global_colors_info=&#8220;{}&#8220; transform_styles__hover_enabled=&#8220;on|hover&#8220; transform_scale__hover_enabled=&#8220;on|hover&#8220; transform_translate__hover_enabled=&#8220;on|desktop&#8220; transform_rotate__hover_enabled=&#8220;on|desktop&#8220; transform_skew__hover_enabled=&#8220;on|desktop&#8220; transform_origin__hover_enabled=&#8220;on|desktop&#8220; transform_scale__hover=&#8220;105%|105%&#8220;][\/et_pb_button][\/et_pb_column][et_pb_column type=&#8220;1_2&#8243; _builder_version=&#8220;4.16&#8243; _module_preset=&#8220;default&#8220; global_colors_info=&#8220;{}&#8220;][et_pb_button button_url=&#8220;@ET-DC@eyJkeW5hbWljIjp0cnVlLCJjb250ZW50IjoicG9zdF9saW5rX3VybF9wYWdlIiwic2V0dGluZ3MiOnsicG9zdF9pZCI6IjIwMTUifX0=@&#8220; button_text=&#8220;B\u0153rsch&#8220; button_alignment=&#8220;right&#8220; _builder_version=&#8220;4.17.6&#8243; _dynamic_attributes=&#8220;button_url&#8220; _module_preset=&#8220;default&#8220; custom_button=&#8220;on&#8220; button_text_size=&#8220;18px&#8220; button_text_color=&#8220;#000000&#8243; button_bg_color=&#8220;#f7f2f2&#8243; button_border_width=&#8220;0px&#8220; button_border_radius=&#8220;20px&#8220; button_letter_spacing=&#8220;0px&#8220; button_icon=&#8220;&#x35;||divi||400&#8243; button_on_hover=&#8220;off&#8220; global_colors_info=&#8220;{}&#8220; transform_styles__hover_enabled=&#8220;on|hover&#8220; transform_scale__hover_enabled=&#8220;on|hover&#8220; transform_translate__hover_enabled=&#8220;on|desktop&#8220; transform_rotate__hover_enabled=&#8220;on|desktop&#8220; transform_skew__hover_enabled=&#8220;on|desktop&#8220; transform_origin__hover_enabled=&#8220;on|desktop&#8220; transform_scale__hover=&#8220;105%|105%&#8220;][\/et_pb_button][\/et_pb_column][\/et_pb_row][\/et_pb_section]<\/p>\n","protected":false},"excerpt":{"rendered":"<p>Dorlisheim Protestantische Kirche Saint-LaurentBeschreibungSch\u00f6nes romanisches Geb\u00e4ude. Der Portalturm und das vierjochige Kirchenschiff wurden zwischen 1165 und 1180 errichtet. Die Kreuzgew\u00f6lbe des Kirchenschiffs wurden in der Gotik erneuert, die Korbbogen sind jedoch romanisch. Die Qualit\u00e4t des geschnitzten Dekors innen und au\u00dfen ist bemerkenswert. Das St.-Laurentius-Portal ist wundersch\u00f6n. Der Sturz ist mit zwei Drachen verziert, die Feuer [&hellip;]<\/p>\n","protected":false},"author":3,"featured_media":0,"parent":7047,"menu_order":0,"comment_status":"closed","ping_status":"closed","template":"","meta":{"_et_pb_use_builder":"on","_et_pb_old_content":"","_et_gb_content_width":"","footnotes":""},"class_list":["post-7382","page","type-page","status-publish","hentry"],"_links":{"self":[{"href":"https:\/\/www.route-romane.com\/de\/wp-json\/wp\/v2\/pages\/7382","targetHints":{"allow":["GET"]}}],"collection":[{"href":"https:\/\/www.route-romane.com\/de\/wp-json\/wp\/v2\/pages"}],"about":[{"href":"https:\/\/www.route-romane.com\/de\/wp-json\/wp\/v2\/types\/page"}],"author":[{"embeddable":true,"href":"https:\/\/www.route-romane.com\/de\/wp-json\/wp\/v2\/users\/3"}],"replies":[{"embeddable":true,"href":"https:\/\/www.route-romane.com\/de\/wp-json\/wp\/v2\/comments?post=7382"}],"version-history":[{"count":3,"href":"https:\/\/www.route-romane.com\/de\/wp-json\/wp\/v2\/pages\/7382\/revisions"}],"predecessor-version":[{"id":7385,"href":"https:\/\/www.route-romane.com\/de\/wp-json\/wp\/v2\/pages\/7382\/revisions\/7385"}],"up":[{"embeddable":true,"href":"https:\/\/www.route-romane.com\/de\/wp-json\/wp\/v2\/pages\/7047"}],"wp:attachment":[{"href":"https:\/\/www.route-romane.com\/de\/wp-json\/wp\/v2\/media?parent=7382"}],"curies":[{"name":"wp","href":"https:\/\/api.w.org\/{rel}","templated":true}]}}