{"id":7092,"date":"2022-05-11T15:54:09","date_gmt":"2022-05-11T13:54:09","guid":{"rendered":"https:\/\/www.route-romane.com\/die-romanische-strasse-im-elsass\/lautenbach\/"},"modified":"2025-01-29T09:47:31","modified_gmt":"2025-01-29T08:47:31","slug":"lautenbach","status":"publish","type":"page","link":"https:\/\/www.route-romane.com\/de\/alsace\/lautenbach\/","title":{"rendered":"Lautenbach"},"content":{"rendered":"<p>[et_pb_section fb_built=&#8220;1&#8243; custom_padding_last_edited=&#8220;on|phone&#8220; admin_label=&#8220;Hero Section&#8220; _builder_version=&#8220;4.17.6&#8243; use_background_color_gradient=&#8220;on&#8220; background_color_gradient_stops=&#8220;rgba(0,0,0,0.7) 0%|rgba(0,0,0,0) 100%&#8220; background_color_gradient_overlays_image=&#8220;on&#8220; background_color_gradient_start=&#8220;rgba(0,0,0,0.7)&#8220; background_color_gradient_end=&#8220;rgba(0,0,0,0)&#8220; background_image=&#8220;https:\/\/www.route-romane.com\/Site\/wp-content\/uploads\/2022\/05\/Lautenbach-2-scaled.jpg&#8220; custom_margin=&#8220;|||&#8220; custom_margin_tablet=&#8220;|||&#8220; custom_margin_phone=&#8220;|||&#8220; custom_margin_last_edited=&#8220;on|tablet&#8220; custom_padding=&#8220;8%||8%||false|false&#8220; custom_padding_tablet=&#8220;15%||15%||false|false&#8220; custom_padding_phone=&#8220;15%||15%||false|false&#8220; animation_style=&#8220;fade&#8220; hover_enabled=&#8220;0&#8243; global_colors_info=&#8220;{}&#8220; background__hover_enabled=&#8220;off|desktop&#8220; sticky_enabled=&#8220;0&#8243;][et_pb_row _builder_version=&#8220;4.16&#8243; custom_margin=&#8220;|auto|-1px|auto||&#8220; custom_padding=&#8220;||2px|||&#8220; global_colors_info=&#8220;{}&#8220;][et_pb_column type=&#8220;4_4&#8243; _builder_version=&#8220;4.16&#8243; custom_padding=&#8220;|||&#8220; global_colors_info=&#8220;{}&#8220; custom_padding__hover=&#8220;|||&#8220;][et_pb_text _builder_version=&#8220;4.16&#8243; text_font=&#8220;||||||||&#8220; text_font_size=&#8220;24px&#8220; text_line_height=&#8220;1.6em&#8220; header_font=&#8220;Nunito|600|||||||&#8220; header_font_size=&#8220;60px&#8220; header_letter_spacing=&#8220;6px&#8220; header_line_height=&#8220;1.1em&#8220; header_2_font=&#8220;|600|||||||&#8220; header_2_font_size=&#8220;30px&#8220; text_orientation=&#8220;center&#8220; background_layout=&#8220;dark&#8220; module_alignment=&#8220;center&#8220; header_font_size_tablet=&#8220;50px&#8220; header_font_size_phone=&#8220;38px&#8220; header_font_size_last_edited=&#8220;on|phone&#8220; header_letter_spacing_tablet=&#8220;6px&#8220; header_letter_spacing_phone=&#8220;1px&#8220; header_letter_spacing_last_edited=&#8220;on|phone&#8220; header_2_font_size_tablet=&#8220;20px&#8220; header_2_font_size_phone=&#8220;20px&#8220; header_2_font_size_last_edited=&#8220;on|tablet&#8220; header_text_shadow_style=&#8220;preset3&#8243; header_2_text_shadow_style=&#8220;preset3&#8243; global_colors_info=&#8220;{}&#8220;]<\/p>\n<h1 style=\"text-align: center;\">Lautenbach<\/h1>\n<h2 style=\"text-align: center;\">\u00c9glise Saint-Michel et Saint-Gangolphe<\/h2>\n<p>[\/et_pb_text][\/et_pb_column][\/et_pb_row][\/et_pb_section][et_pb_section fb_built=&#8220;1&#8243; _builder_version=&#8220;4.16&#8243; _module_preset=&#8220;default&#8220; background_color=&#8220;#f7f2f2&#8243; custom_padding=&#8220;3px||1px|||&#8220; animation_style=&#8220;fade&#8220; global_colors_info=&#8220;{}&#8220;][et_pb_row column_structure=&#8220;3_5,2_5&#8243; module_class=&#8220;pa-inline-buttons&#8220; _builder_version=&#8220;4.16&#8243; _module_preset=&#8220;default&#8220; global_colors_info=&#8220;{}&#8220;][et_pb_column type=&#8220;3_5&#8243; _builder_version=&#8220;4.16&#8243; _module_preset=&#8220;default&#8220; global_colors_info=&#8220;{}&#8220;][et_pb_text admin_label=&#8220;Title&#8220; _builder_version=&#8220;4.16&#8243; text_font=&#8220;||||||||&#8220; header_font=&#8220;||||||||&#8220; header_2_font=&#8220;Nunito||||||||&#8220; header_2_text_align=&#8220;center&#8220; header_2_text_color=&#8220;#263954&#8243; header_2_font_size=&#8220;35px&#8220; header_2_line_height=&#8220;1.1em&#8220; min_height=&#8220;47.4px&#8220; custom_margin=&#8220;||5px|&#8220; custom_padding=&#8220;20px||0px||false|false&#8220; animation_direction=&#8220;bottom&#8220; header_2_font_size_tablet=&#8220;30px&#8220; header_2_font_size_phone=&#8220;25px&#8220; header_2_font_size_last_edited=&#8220;on|phone&#8220; locked=&#8220;off&#8220; global_colors_info=&#8220;{}&#8220;]<\/p>\n<h2 style=\"text-align: left;\">Beschreibung<\/h2>\n<p>[\/et_pb_text][et_pb_divider color=&#8220;#000000&#8243; divider_weight=&#8220;2px&#8220; _builder_version=&#8220;4.16&#8243; max_width=&#8220;50px&#8220; module_alignment=&#8220;left&#8220; custom_margin=&#8220;||0px||false|false&#8220; global_colors_info=&#8220;{}&#8220;][\/et_pb_divider][et_pb_text _builder_version=&#8220;4.16&#8243; text_font=&#8220;||||||||&#8220; text_text_color=&#8220;#000000&#8243; text_font_size=&#8220;15px&#8220; text_line_height=&#8220;1.8em&#8220; min_height=&#8220;191px&#8220; custom_margin=&#8220;||||false|false&#8220; animation_direction=&#8220;bottom&#8220; global_colors_info=&#8220;{}&#8220;]<\/p>\n<p>Im Jahr 810 gr\u00fcndeten irische M\u00f6nche aus Honau in der N\u00e4he von Stra\u00dfburg hier ein Kloster, das 1080 auf Befehl von Kaiser Heinrich IV. zerst\u00f6rt wurde. Augustiner-Chorherren bauten es im 12. Jahrhundert wieder auf. Die heutige Kirche hat einen basilikalen Grundriss mit drei gezimmerten Schiffen. Das Westwerk beherbergt die Vorhalle, ein reines Juwel der romanischen Kunst aus dem 12. Dieser dreischiffige, zweijochige Raum mit Kreuzrippengew\u00f6lbe sch\u00fctzt das Portal, dessen Fenster\u00f6ffnungen mit S\u00e4ulen verziert sind, deren Kapitelle einen Fries bilden, der auf der rechten Seite Szenen von Ehebruch (und die daf\u00fcr verh\u00e4ngten Strafen) zeigt, die mit dem Leben des heiligen Gangolf, dem Schutzpatron der \u201eschlecht Verheirateten\u201c, in Verbindung stehen.    <strong><\/strong><\/p>\n<p>[\/et_pb_text][et_pb_text admin_label=&#8220;Title&#8220; _builder_version=&#8220;4.16&#8243; text_font=&#8220;||||||||&#8220; header_font=&#8220;||||||||&#8220; header_2_font=&#8220;Nunito||||||||&#8220; header_2_text_align=&#8220;center&#8220; header_2_text_color=&#8220;#263954&#8243; header_2_font_size=&#8220;35px&#8220; header_2_line_height=&#8220;1.1em&#8220; min_height=&#8220;47.4px&#8220; custom_margin=&#8220;||5px|&#8220; custom_padding=&#8220;20px||||false|false&#8220; animation_direction=&#8220;bottom&#8220; header_2_font_size_tablet=&#8220;30px&#8220; header_2_font_size_phone=&#8220;25px&#8220; header_2_font_size_last_edited=&#8220;on|phone&#8220; locked=&#8220;off&#8220; global_colors_info=&#8220;{}&#8220;]<\/p>\n<h2 style=\"text-align: left;\">Fotogalerie<\/h2>\n<p>[\/et_pb_text][et_pb_divider color=&#8220;#000000&#8243; divider_weight=&#8220;2px&#8220; _builder_version=&#8220;4.16&#8243; max_width=&#8220;50px&#8220; module_alignment=&#8220;left&#8220; custom_margin=&#8220;||0px||false|false&#8220; global_colors_info=&#8220;{}&#8220;][\/et_pb_divider][et_pb_gallery gallery_ids=&#8220;4740,4742,4744,4746,4748,4750,4752,4754,4756&#8243; fullwidth=&#8220;on&#8220; disabled_on=&#8220;off|off|off&#8220; _builder_version=&#8220;4.16&#8243; _module_preset=&#8220;default&#8220; max_height=&#8220;5%&#8220; custom_margin=&#8220;20px||||false|false&#8220; custom_padding=&#8220;||10px||false|false&#8220; auto=&#8220;on&#8220; auto_speed=&#8220;5000&#8243; overflow-x_tablet=&#8220;&#8220; overflow-x_phone=&#8220;&#8220; overflow-x_last_edited=&#8220;on|tablet&#8220; overflow-y_tablet=&#8220;&#8220; overflow-y_phone=&#8220;&#8220; overflow-y_last_edited=&#8220;on|phone&#8220; custom_css_gallery_item=&#8220;width: 100%;||max-height: 100%;&#8220; locked=&#8220;off&#8220; global_colors_info=&#8220;{}&#8220; custom_css_main_element_last_edited=&#8220;off|desktop&#8220; custom_css_main_element_tablet=&#8220;width: auto;||max-height: 700px;&#8220; custom_css_main_element_phone=&#8220;width: auto;||max-height: 700px;&#8220;][\/et_pb_gallery][\/et_pb_column][et_pb_column type=&#8220;2_5&#8243; _builder_version=&#8220;4.16&#8243; _module_preset=&#8220;default&#8220; global_colors_info=&#8220;{}&#8220;][et_pb_text admin_label=&#8220;Title&#8220; _builder_version=&#8220;4.16&#8243; text_font=&#8220;||||||||&#8220; header_font=&#8220;||||||||&#8220; header_2_font=&#8220;Nunito||||||||&#8220; header_2_text_align=&#8220;center&#8220; header_2_text_color=&#8220;#263954&#8243; header_2_font_size=&#8220;35px&#8220; header_2_line_height=&#8220;1.1em&#8220; min_height=&#8220;47.4px&#8220; custom_margin=&#8220;||5px||false|false&#8220; custom_padding=&#8220;20px||||false|false&#8220; animation_direction=&#8220;bottom&#8220; header_2_font_size_tablet=&#8220;30px&#8220; header_2_font_size_phone=&#8220;25px&#8220; header_2_font_size_last_edited=&#8220;on|phone&#8220; locked=&#8220;off&#8220; global_colors_info=&#8220;{}&#8220;]<\/p>\n<h2 style=\"text-align: left;\">Zugeh\u00f6rige Standorte<\/h2>\n<p>[\/et_pb_text][et_pb_divider color=&#8220;#000000&#8243; divider_weight=&#8220;2px&#8220; _builder_version=&#8220;4.16&#8243; max_width=&#8220;50px&#8220; module_alignment=&#8220;left&#8220; custom_margin=&#8220;||5px||false|false&#8220; custom_padding=&#8220;||||false|false&#8220; locked=&#8220;off&#8220; global_colors_info=&#8220;{}&#8220;][\/et_pb_divider][et_pb_code _builder_version=&#8220;4.17.6&#8243; _module_preset=&#8220;default&#8220; global_colors_info=&#8220;{}&#8220;]\n<style>\n\t#hotspot-7488 .hotspots-image-container,\n\t#hotspot-7488 .leaflet-container {\n\t\tbackground: #f7f2f2\t}\n\n\t#hotspot-7488 .hotspots-placeholder,\n\t.featherlight .featherlight-content.lightbox-7488 {\n\t\tbackground: #2e2d29;\n\t\tborder: 0 #2e2d29 solid;\n\t\tcolor: #dfebe5;\n\t}\n\n\t#hotspot-7488 .hotspot-title,\n\t#hotspot-7488 .bc-product__title a,\n\t.featherlight .featherlight-content.lightbox-7488 .hotspot-title,\n\t.featherlight .featherlight-content.lightbox-7488 .bc-product__title a {\n\t\tcolor: #93c7a4;\n\t}\n\n\t\t\t#hotspot-7488 .hotspot-style-1 {\n\t\t\tstroke-width: 2;\n\t\t\tfill: #ffffff;\n\t\t\tfill-opacity: 0;\n\t\t\tstroke: #ffffff;\n\t\t\tstroke-opacity: 0;\n\t\t}\n\t\t#hotspot-7488 .hotspot-style-1:hover,\n\t\t#hotspot-7488 .hotspot-style-1:focus-visible,\n\t\t#hotspot-7488 .hotspot-style-1.hotspot-active {\n\t\t\tfill: #ffffff;\n\t\t\tfill-opacity: 0.81;\n\t\t\toutline: none;\n\t\t\tstroke: #ffffff;\n\t\t\tstroke-opacity: 0.01;\n\t\t}\n\t\t\t#hotspot-7488 .hotspot-default {\n\t\t\tstroke-width: 2;\n\t\t\tfill: #ffffff;\n\t\t\tfill-opacity: 0;\n\t\t\tstroke: #ffffff;\n\t\t\tstroke-opacity: 0;\n\t\t}\n\t\t#hotspot-7488 .hotspot-default:hover,\n\t\t#hotspot-7488 .hotspot-default:focus-visible,\n\t\t#hotspot-7488 .hotspot-default.hotspot-active {\n\t\t\tfill: #3ca2a2;\n\t\t\tfill-opacity: 0.01;\n\t\t\toutline: none;\n\t\t\tstroke: #235b6e;\n\t\t\tstroke-opacity: 0.01;\n\t\t}\n\t\t#hotspot-7488 .leaflet-tooltip,\n\t#hotspot-7488 .leaflet-rrose-content-wrapper {\n\t\tbackground: #2e2d29;\n\t\tborder-color: #2e2d29;\n\t\tcolor: #dfebe5;\n\t}\n\n\t#hotspot-7488 a.leaflet-rrose-close-button {\n\t\tcolor: #93c7a4;\n\t}\n\n\t#hotspot-7488 .leaflet-rrose-tip {\n\t\tbackground: #2e2d29;\n\t}\n\n\t#hotspot-7488 .leaflet-popup-scrolled {\n\t\tborder-bottom-color: #dfebe5;\n\t\tborder-top-color: #dfebe5;\n\t}\n\n\t#hotspot-7488 .leaflet-tooltip-top:before {\n\t\tborder-top-color: #2e2d29;\n\t}\n\n\t#hotspot-7488 .leaflet-tooltip-bottom:before {\n\t\tborder-bottom-color: #2e2d29;\n\t}\n\t#hotspot-7488 .leaflet-tooltip-left:before {\n\t\tborder-left-color: #2e2d29;\n\t}\n\t#hotspot-7488 .leaflet-tooltip-right:before {\n\t\tborder-right-color: #2e2d29;\n\t}\n<\/style>\n\n\n\t<div class=\"hotspots-container links-only layout-bottom event-click\" id=\"hotspot-7488\" data-layout=\"bottom\" data-trigger=\"click\">\n\t\t<div class=\"hotspots-interaction\">\n\t\t\t<div class=\"hotspots-image-container\">\n\t<img\n\t\twidth=\"700\"\n\t\theight=\"375\"\n\t\tsrc=\"https:\/\/www.route-romane.com\/Site\/wp-content\/uploads\/2023\/01\/Zone-Lautenbach-Alsace-site.png\"\n\t\talt=\"Lautenbach\"\n\t\tclass=\"hotspots-image skip-lazy\"\n\t\tusemap=\"#hotspots-image-7488\"\n\t\tdata-image-title=\"Lautenbach\"\n\t\tdata-image-description=\"\"\n\t\tdata-event-trigger=\"click\"\n\t\tdata-always-visible=\"false\"\n\t\tdata-id=\"7488\"\n\t\tdata-no-lazy=\"1\"\n\t\tdata-lazy-src=\"\"\n\t\tdata-lazy=\"false\"\n\t\tloading=\"eager\"\n\t\tdata-skip-lazy=\"1\"\n\t\t>\n<\/div>\t\t<\/div>\n\t\t<map name=\"hotspots-image-7488\" class=\"hotspots-map\">\n\t\t\t\t\t\t\t\t\t\t\t<area\n\t\t\t\t\tshape=\"polygon\"\n\t\t\t\t\tcoords=\"457,111,557,108,558,136,523,139,527,159,499,158,493,140,463,137\"\n\t\t\t\t\thref=\"https:\/\/www.route-romane.com\/de\/alsace\/lautenbach\/rouffach\/\"\n\t\t\t\t\trel=\"\"\n\t\t\t\t\ttitle=\"Rouffach\"\n\t\t\t\t\talt=\"Rouffach\"\n\t\t\t\t\tdata-action=\"url\"\n\t\t\t\t\tdata-color-scheme=\"\"\n\t\t\t\t\tdata-id=\"area-hotspot-7488-0\"\n\t\t\t\t\ttarget=\"\"\n\t\t\t\t\tclass=\"url-area\"\n\t\t\t\t\t>\n\t\t\t\t\t\t\t\t\t\t\t<area\n\t\t\t\t\tshape=\"polygon\"\n\t\t\t\t\tcoords=\"275,169,517,169,520,207,439,209,440,255,387,257,384,215,274,209\"\n\t\t\t\t\thref=\"https:\/\/www.route-romane.com\/de\/alsace\/lautenbach\/\"\n\t\t\t\t\trel=\"\"\n\t\t\t\t\ttitle=\"Lautenbach\"\n\t\t\t\t\talt=\"Lautenbach\"\n\t\t\t\t\tdata-action=\"url\"\n\t\t\t\t\tdata-color-scheme=\"\"\n\t\t\t\t\tdata-id=\"area-hotspot-7488-1\"\n\t\t\t\t\ttarget=\"\"\n\t\t\t\t\tclass=\"url-area\"\n\t\t\t\t\t>\n\t\t\t\t\t<\/map>\n\n\t\t\n\t\t\t\t\t\t\t\t\t<\/div>\n\n[\/et_pb_code][et_pb_text admin_label=&#8220;Title&#8220; _builder_version=&#8220;4.16&#8243; text_font=&#8220;||||||||&#8220; header_font=&#8220;||||||||&#8220; header_2_font=&#8220;Nunito||||||||&#8220; header_2_text_align=&#8220;center&#8220; header_2_text_color=&#8220;#263954&#8243; header_2_font_size=&#8220;35px&#8220; header_2_line_height=&#8220;1.1em&#8220; min_height=&#8220;47.4px&#8220; custom_margin=&#8220;||5px||false|false&#8220; custom_padding=&#8220;20px||||false|false&#8220; animation_direction=&#8220;bottom&#8220; header_2_font_size_tablet=&#8220;30px&#8220; header_2_font_size_phone=&#8220;25px&#8220; header_2_font_size_last_edited=&#8220;on|phone&#8220; locked=&#8220;off&#8220; global_colors_info=&#8220;{}&#8220;]<\/p>\n<h2 style=\"text-align: left;\">Reisef\u00fchrer<\/h2>\n<p>[\/et_pb_text][et_pb_divider color=&#8220;#000000&#8243; divider_weight=&#8220;2px&#8220; _builder_version=&#8220;4.16&#8243; max_width=&#8220;50px&#8220; module_alignment=&#8220;left&#8220; custom_margin=&#8220;||0px||false|false&#8220; custom_padding=&#8220;||0px||false|false&#8220; global_colors_info=&#8220;{}&#8220;][\/et_pb_divider][et_pb_button button_url=&#8220;http:\/\/www.tourisme-guebwiller.fr&#8220; url_new_window=&#8220;on&#8220; button_text=&#8220; Tourist Infos&#8220; button_alignment=&#8220;left&#8220; _builder_version=&#8220;4.16&#8243; _module_preset=&#8220;default&#8220; custom_button=&#8220;on&#8220; button_text_size=&#8220;14px&#8220; button_text_color=&#8220;#000000&#8243; button_bg_color=&#8220;rgba(64,170,158,0.19)&#8220; button_bg_enable_image=&#8220;off&#8220; button_border_width=&#8220;0px&#8220; button_border_color=&#8220;#f7dcdc&#8220; button_border_radius=&#8220;5px&#8220; button_letter_spacing=&#8220;1px&#8220; button_icon=&#8220;&#x70;||divi||400&#8243; button_icon_placement=&#8220;left&#8220; button_on_hover=&#8220;off&#8220; background_layout=&#8220;dark&#8220; custom_margin=&#8220;|20px|||false|false&#8220; custom_margin_tablet=&#8220;|20px|||false|false&#8220; custom_margin_phone=&#8220;|20px|||false|false&#8220; custom_margin_last_edited=&#8220;off|phone&#8220; custom_padding=&#8220;||||false|false&#8220; custom_padding_last_edited=&#8220;off|phone&#8220; global_colors_info=&#8220;{}&#8220; background_layout__hover_enabled=&#8220;on|hover&#8220; background_layout__hover=&#8220;light&#8220; transform_styles__hover_enabled=&#8220;on|desktop&#8220; transform_scale__hover_enabled=&#8220;on|desktop&#8220; transform_translate__hover_enabled=&#8220;on|desktop&#8220; transform_rotate__hover_enabled=&#8220;on|desktop&#8220; transform_skew__hover_enabled=&#8220;on|desktop&#8220; transform_origin__hover_enabled=&#8220;on|desktop&#8220; transform_scale__hover=&#8220;110%|110%&#8220;][\/et_pb_button][et_pb_button button_url=&#8220;https:\/\/goo.gl\/maps\/BAmV1iLnybCaPmpq6&#8243; url_new_window=&#8220;on&#8220; button_text=&#8220; Anreise&#8220; button_alignment=&#8220;center&#8220; _builder_version=&#8220;4.16&#8243; _module_preset=&#8220;default&#8220; custom_button=&#8220;on&#8220; button_text_size=&#8220;14px&#8220; button_text_color=&#8220;#000000&#8243; button_bg_color=&#8220;rgba(64,170,158,0.19)&#8220; button_border_width=&#8220;0px&#8220; button_border_color=&#8220;#f7dcdc&#8220; button_border_radius=&#8220;5px&#8220; button_letter_spacing=&#8220;1px&#8220; button_icon=&#8220;&#xe01f;||divi||400&#8243; button_icon_placement=&#8220;left&#8220; button_on_hover=&#8220;off&#8220; custom_margin=&#8220;||||false|false&#8220; custom_margin_tablet=&#8220;||||false|false&#8220; custom_margin_phone=&#8220;-15px||||false|false&#8220; custom_margin_last_edited=&#8220;on|phone&#8220; custom_padding=&#8220;||||false|false&#8220; global_colors_info=&#8220;{}&#8220; transform_styles__hover_enabled=&#8220;on|hover&#8220; transform_scale__hover_enabled=&#8220;on|hover&#8220; transform_translate__hover_enabled=&#8220;on|desktop&#8220; transform_rotate__hover_enabled=&#8220;on|desktop&#8220; transform_skew__hover_enabled=&#8220;on|desktop&#8220; transform_origin__hover_enabled=&#8220;on|desktop&#8220; transform_scale__hover=&#8220;110%|110%&#8220;][\/et_pb_button][\/et_pb_column][\/et_pb_row][et_pb_row column_structure=&#8220;1_2,1_2&#8243; _builder_version=&#8220;4.16&#8243; _module_preset=&#8220;default&#8220; global_colors_info=&#8220;{}&#8220;][et_pb_column type=&#8220;1_2&#8243; _builder_version=&#8220;4.16&#8243; _module_preset=&#8220;default&#8220; global_colors_info=&#8220;{}&#8220;][et_pb_button button_url=&#8220;@ET-DC@eyJkeW5hbWljIjp0cnVlLCJjb250ZW50IjoicG9zdF9saW5rX3VybF9wYWdlIiwic2V0dGluZ3MiOnsicG9zdF9pZCI6IjEwOTMifX0=@&#8220; button_text=&#8220;Gueberschwihr&#8220; button_alignment=&#8220;left&#8220; button_alignment_last_edited=&#8220;off|phone&#8220; _builder_version=&#8220;4.16&#8243; _dynamic_attributes=&#8220;button_url&#8220; _module_preset=&#8220;default&#8220; custom_button=&#8220;on&#8220; button_text_size=&#8220;18px&#8220; button_text_color=&#8220;#000000&#8243; button_bg_color=&#8220;#f7f2f2&#8243; button_border_width=&#8220;0px&#8220; button_border_radius=&#8220;20px&#8220; button_letter_spacing=&#8220;0px&#8220; button_icon=&#8220;&#x34;||divi||400&#8243; button_icon_placement=&#8220;left&#8220; button_on_hover=&#8220;off&#8220; button_text_size_tablet=&#8220;14px&#8220; button_text_size_phone=&#8220;15px&#8220; button_text_size_last_edited=&#8220;on|phone&#8220; locked=&#8220;off&#8220; global_colors_info=&#8220;{}&#8220; transform_styles__hover_enabled=&#8220;on|hover&#8220; transform_scale__hover_enabled=&#8220;on|hover&#8220; transform_translate__hover_enabled=&#8220;on|desktop&#8220; transform_rotate__hover_enabled=&#8220;on|desktop&#8220; transform_skew__hover_enabled=&#8220;on|desktop&#8220; transform_origin__hover_enabled=&#8220;on|desktop&#8220; transform_scale__hover=&#8220;105%|105%&#8220;][\/et_pb_button][\/et_pb_column][et_pb_column type=&#8220;1_2&#8243; _builder_version=&#8220;4.16&#8243; _module_preset=&#8220;default&#8220; global_colors_info=&#8220;{}&#8220;][et_pb_button button_url=&#8220;@ET-DC@eyJkeW5hbWljIjp0cnVlLCJjb250ZW50IjoicG9zdF9saW5rX3VybF9wYWdlIiwic2V0dGluZ3MiOnsicG9zdF9pZCI6IjExMjEifX0=@&#8220; button_text=&#8220;Murbach&#8220; button_alignment=&#8220;right&#8220; button_alignment_last_edited=&#8220;off|phone&#8220; _builder_version=&#8220;4.16&#8243; _dynamic_attributes=&#8220;button_url&#8220; _module_preset=&#8220;default&#8220; custom_button=&#8220;on&#8220; button_text_size=&#8220;18px&#8220; button_text_color=&#8220;#000000&#8243; button_bg_color=&#8220;#f7f2f2&#8243; button_border_width=&#8220;0px&#8220; button_border_radius=&#8220;20px&#8220; button_letter_spacing=&#8220;0px&#8220; button_icon=&#8220;&#x35;||divi||400&#8243; button_on_hover=&#8220;off&#8220; button_text_size_tablet=&#8220;14px&#8220; button_text_size_phone=&#8220;15px&#8220; button_text_size_last_edited=&#8220;on|phone&#8220; locked=&#8220;off&#8220; global_colors_info=&#8220;{}&#8220; transform_styles__hover_enabled=&#8220;on|hover&#8220; transform_scale__hover_enabled=&#8220;on|hover&#8220; transform_translate__hover_enabled=&#8220;on|desktop&#8220; transform_rotate__hover_enabled=&#8220;on|desktop&#8220; transform_skew__hover_enabled=&#8220;on|desktop&#8220; transform_origin__hover_enabled=&#8220;on|desktop&#8220; transform_scale__hover=&#8220;105%|105%&#8220;][\/et_pb_button][\/et_pb_column][\/et_pb_row][\/et_pb_section]<\/p>\n","protected":false},"excerpt":{"rendered":"<p>Lautenbach \u00c9glise Saint-Michel et Saint-GangolpheBeschreibungIm Jahr 810 gr\u00fcndeten irische M\u00f6nche aus Honau in der N\u00e4he von Stra\u00dfburg hier ein Kloster, das 1080 auf Befehl von Kaiser Heinrich IV. zerst\u00f6rt wurde. Augustiner-Chorherren bauten es im 12. Jahrhundert wieder auf. Die heutige Kirche hat einen basilikalen Grundriss mit drei gezimmerten Schiffen. Das Westwerk beherbergt die Vorhalle, ein [&hellip;]<\/p>\n","protected":false},"author":3,"featured_media":0,"parent":6559,"menu_order":0,"comment_status":"closed","ping_status":"closed","template":"","meta":{"_et_pb_use_builder":"on","_et_pb_old_content":"","_et_gb_content_width":"","footnotes":""},"class_list":["post-7092","page","type-page","status-publish","hentry"],"_links":{"self":[{"href":"https:\/\/www.route-romane.com\/de\/wp-json\/wp\/v2\/pages\/7092","targetHints":{"allow":["GET"]}}],"collection":[{"href":"https:\/\/www.route-romane.com\/de\/wp-json\/wp\/v2\/pages"}],"about":[{"href":"https:\/\/www.route-romane.com\/de\/wp-json\/wp\/v2\/types\/page"}],"author":[{"embeddable":true,"href":"https:\/\/www.route-romane.com\/de\/wp-json\/wp\/v2\/users\/3"}],"replies":[{"embeddable":true,"href":"https:\/\/www.route-romane.com\/de\/wp-json\/wp\/v2\/comments?post=7092"}],"version-history":[{"count":3,"href":"https:\/\/www.route-romane.com\/de\/wp-json\/wp\/v2\/pages\/7092\/revisions"}],"predecessor-version":[{"id":7095,"href":"https:\/\/www.route-romane.com\/de\/wp-json\/wp\/v2\/pages\/7092\/revisions\/7095"}],"up":[{"embeddable":true,"href":"https:\/\/www.route-romane.com\/de\/wp-json\/wp\/v2\/pages\/6559"}],"wp:attachment":[{"href":"https:\/\/www.route-romane.com\/de\/wp-json\/wp\/v2\/media?parent=7092"}],"curies":[{"name":"wp","href":"https:\/\/api.w.org\/{rel}","templated":true}]}}