{"id":7003,"date":"2022-03-30T16:52:56","date_gmt":"2022-03-30T14:52:56","guid":{"rendered":"https:\/\/www.route-romane.com\/die-romanische-strasse-im-elsass\/altenstadt\/"},"modified":"2025-02-11T10:39:26","modified_gmt":"2025-02-11T09:39:26","slug":"altenstadt","status":"publish","type":"page","link":"https:\/\/www.route-romane.com\/de\/alsace\/altenstadt\/","title":{"rendered":"Altenstadt"},"content":{"rendered":"<p>[et_pb_section fb_built=&#8220;1&#8243; custom_padding_last_edited=&#8220;on|phone&#8220; admin_label=&#8220;Hero Section&#8220; _builder_version=&#8220;4.17.6&#8243; use_background_color_gradient=&#8220;on&#8220; background_color_gradient_stops=&#8220;rgba(0,0,0,0.7) 0%|rgba(0,0,0,0) 100%&#8220; background_color_gradient_overlays_image=&#8220;on&#8220; background_color_gradient_start=&#8220;rgba(0,0,0,0.7)&#8220; background_color_gradient_end=&#8220;rgba(0,0,0,0)&#8220; background_image=&#8220;https:\/\/www.route-romane.com\/Site\/wp-content\/uploads\/2022\/03\/Altenstadt-1-scaled.jpg&#8220; custom_margin=&#8220;|||&#8220; custom_margin_tablet=&#8220;|||&#8220; custom_margin_phone=&#8220;|||&#8220; custom_margin_last_edited=&#8220;on|tablet&#8220; custom_padding=&#8220;8%||8%||false|false&#8220; custom_padding_tablet=&#8220;15%||15%||false|false&#8220; custom_padding_phone=&#8220;15%||15%||false|false&#8220; animation_style=&#8220;fade&#8220; global_colors_info=&#8220;{}&#8220; background__hover_enabled=&#8220;off|desktop&#8220;][et_pb_row _builder_version=&#8220;4.16&#8243; custom_margin=&#8220;|auto|-1px|auto||&#8220; custom_padding=&#8220;||2px|||&#8220; global_colors_info=&#8220;{}&#8220;][et_pb_column type=&#8220;4_4&#8243; _builder_version=&#8220;4.16&#8243; custom_padding=&#8220;|||&#8220; global_colors_info=&#8220;{}&#8220; custom_padding__hover=&#8220;|||&#8220;][et_pb_text _builder_version=&#8220;4.16&#8243; text_font=&#8220;||||||||&#8220; text_font_size=&#8220;24px&#8220; text_line_height=&#8220;1.6em&#8220; header_font=&#8220;Nunito|600|||||||&#8220; header_font_size=&#8220;60px&#8220; header_letter_spacing=&#8220;6px&#8220; header_line_height=&#8220;1.1em&#8220; header_2_font=&#8220;|600|||||||&#8220; header_2_font_size=&#8220;30px&#8220; text_orientation=&#8220;center&#8220; background_layout=&#8220;dark&#8220; module_alignment=&#8220;center&#8220; header_font_size_tablet=&#8220;50px&#8220; header_font_size_phone=&#8220;38px&#8220; header_font_size_last_edited=&#8220;on|phone&#8220; header_letter_spacing_tablet=&#8220;6px&#8220; header_letter_spacing_phone=&#8220;1px&#8220; header_letter_spacing_last_edited=&#8220;on|phone&#8220; header_2_font_size_tablet=&#8220;20px&#8220; header_2_font_size_phone=&#8220;20px&#8220; header_2_font_size_last_edited=&#8220;on|tablet&#8220; header_text_shadow_style=&#8220;preset3&#8243; header_2_text_shadow_style=&#8220;preset3&#8243; global_colors_info=&#8220;{}&#8220;]<\/p>\n<h1 style=\"text-align: center;\">Altenstadt<\/h1>\n<h2 style=\"text-align: center;\">\u00c9glise Saint-Ulrich<\/h2>\n<p>[\/et_pb_text][\/et_pb_column][\/et_pb_row][\/et_pb_section][et_pb_section fb_built=&#8220;1&#8243; _builder_version=&#8220;4.16&#8243; _module_preset=&#8220;default&#8220; background_color=&#8220;#f7f2f2&#8243; custom_padding=&#8220;3px||1px|||&#8220; animation_style=&#8220;fade&#8220; global_colors_info=&#8220;{}&#8220;][et_pb_row column_structure=&#8220;2_3,1_3&#8243; module_class=&#8220;pa-inline-buttons&#8220; _builder_version=&#8220;4.16&#8243; _module_preset=&#8220;default&#8220; global_colors_info=&#8220;{}&#8220;][et_pb_column type=&#8220;2_3&#8243; _builder_version=&#8220;4.16&#8243; _module_preset=&#8220;default&#8220; global_colors_info=&#8220;{}&#8220;][et_pb_text admin_label=&#8220;Title&#8220; _builder_version=&#8220;4.16&#8243; text_font=&#8220;||||||||&#8220; header_font=&#8220;||||||||&#8220; header_2_font=&#8220;Nunito||||||||&#8220; header_2_text_align=&#8220;center&#8220; header_2_text_color=&#8220;#263954&#8243; header_2_font_size=&#8220;35px&#8220; header_2_line_height=&#8220;1.1em&#8220; min_height=&#8220;47.4px&#8220; custom_margin=&#8220;||5px|&#8220; custom_padding=&#8220;20px||0px||false|false&#8220; animation_direction=&#8220;bottom&#8220; header_2_font_size_tablet=&#8220;30px&#8220; header_2_font_size_phone=&#8220;25px&#8220; header_2_font_size_last_edited=&#8220;on|phone&#8220; locked=&#8220;off&#8220; global_colors_info=&#8220;{}&#8220;]<\/p>\n<h2 style=\"text-align: left;\">\u00dcberblick<\/h2>\n<p>[\/et_pb_text][et_pb_divider color=&#8220;#000000&#8243; divider_weight=&#8220;2px&#8220; _builder_version=&#8220;4.16&#8243; max_width=&#8220;50px&#8220; module_alignment=&#8220;left&#8220; custom_margin=&#8220;||0px||false|false&#8220; global_colors_info=&#8220;{}&#8220;][\/et_pb_divider][et_pb_text _builder_version=&#8220;4.27.4&#8243; text_font=&#8220;||||||||&#8220; text_text_color=&#8220;#000000&#8243; text_font_size=&#8220;15px&#8220; text_line_height=&#8220;1.8em&#8220; min_height=&#8220;191px&#8220; custom_margin=&#8220;||||false|false&#8220; animation_direction=&#8220;bottom&#8220; hover_enabled=&#8220;0&#8243; global_colors_info=&#8220;{}&#8220; sticky_enabled=&#8220;0&#8243;]<\/p>\n<div class=\"page\" title=\"Page 4\">\n<div class=\"section\">\n<div class=\"layoutArea\">\n<div class=\"column\">\n<div class=\"page\" title=\"Page 4\">\n<div class=\"section\">\n<div class=\"layoutArea\">\n<div class=\"column\">\n<p><span>Kirche mit basilikalem Grundriss, deren drei gezimmerte Schiffe und der Portalturm aus dem 12. Die drei Apsiden des Chors stammen aus verschiedenen Epochen (Gotik im Norden, 19. Jahrhundert in den anderen).  <\/span><span>Das romanische Kirchenschiff besteht aus f\u00fcnf Jochen, die zu den Seitenschiffen hin durch Rundb\u00f6gen ge\u00f6ffnet sind, die auf S\u00e4ulen aus Quadersteinen ruhen. Die urspr\u00fcnglich quadratischen Pfeiler wurden an den Ecken zu einem achteckigen Querschnitt umgeschnitten. Bemerkenswert ist der Sturz mit sieben Medaillons, die die Hand Gottes in der Mitte und zu beiden Seiten L\u00e4mmer, Pflanzenmotive und geometrische Formen zeigen.  <\/span><\/p>\n<\/div>\n<\/div>\n<\/div>\n<\/div>\n<\/div>\n<\/div>\n<\/div>\n<\/div>\n<p>[\/et_pb_text][et_pb_text admin_label=&#8220;Title&#8220; _builder_version=&#8220;4.27.4&#8243; text_font=&#8220;||||||||&#8220; header_font=&#8220;||||||||&#8220; header_2_font=&#8220;Nunito||||||||&#8220; header_2_text_align=&#8220;center&#8220; header_2_text_color=&#8220;#263954&#8243; header_2_font_size=&#8220;35px&#8220; header_2_line_height=&#8220;1.1em&#8220; min_height=&#8220;47.4px&#8220; custom_margin=&#8220;||5px|&#8220; custom_padding=&#8220;20px||||false|false&#8220; animation_direction=&#8220;bottom&#8220; header_2_font_size_tablet=&#8220;30px&#8220; header_2_font_size_phone=&#8220;25px&#8220; header_2_font_size_last_edited=&#8220;on|phone&#8220; locked=&#8220;off&#8220; global_colors_info=&#8220;{}&#8220;]<\/p>\n<h2 style=\"text-align: left;\">Fotogalerie<\/h2>\n<p>[\/et_pb_text][et_pb_divider color=&#8220;#000000&#8243; divider_weight=&#8220;2px&#8220; _builder_version=&#8220;4.16&#8243; max_width=&#8220;50px&#8220; module_alignment=&#8220;left&#8220; custom_margin=&#8220;||0px||false|false&#8220; global_colors_info=&#8220;{}&#8220;][\/et_pb_divider][et_pb_gallery gallery_ids=&#8220;4337,4339,4341,4343,4345,4347&#8243; fullwidth=&#8220;on&#8220; _builder_version=&#8220;4.16&#8243; _module_preset=&#8220;default&#8220; global_colors_info=&#8220;{}&#8220;][\/et_pb_gallery][et_pb_toggle title=&#8220;Mehr erfahren&#8220; open_toggle_text_color=&#8220;#263954&#8243; open_toggle_background_color=&#8220;#f7f2f2&#8243; closed_toggle_text_color=&#8220;#263954&#8243; closed_toggle_background_color=&#8220;#f7f2f2&#8243; icon_color=&#8220;#263954&#8243; toggle_icon=&#8220;&#x3b;||divi||400&#8243; use_icon_font_size=&#8220;on&#8220; icon_font_size=&#8220;26px&#8220; open_icon_color=&#8220;#263954&#8243; open_toggle_icon=&#8220;&#x3a;||divi||400&#8243; open_use_icon_font_size=&#8220;on&#8220; open_icon_font_size=&#8220;26px&#8220; _builder_version=&#8220;4.27.4&#8243; _module_preset=&#8220;default&#8220; title_text_color=&#8220;#04148c&#8220; title_font=&#8220;Nunito||||||||&#8220; title_font_size=&#8220;30px&#8220; body_text_color=&#8220;#000000&#8243; custom_margin=&#8220;||||false|false&#8220; custom_padding=&#8220;||||false|false&#8220; title_font_size_tablet=&#8220;30px&#8220; title_font_size_phone=&#8220;25px&#8220; title_font_size_last_edited=&#8220;on|phone&#8220; closed_title_font_size_tablet=&#8220;25px&#8220; closed_title_font_size_phone=&#8220;25px&#8220; closed_title_font_size_last_edited=&#8220;on|desktop&#8220; border_radii=&#8220;on|5px|5px|5px|5px&#8220; border_width_all=&#8220;2px&#8220; border_color_all=&#8220;#04148c&#8220; border_color_left=&#8220;#263954&#8243; border_radii_phone=&#8220;on||||&#8220; border_radii_last_edited=&#8220;off|phone&#8220; border_width_all_tablet=&#8220;2px&#8220; border_width_all_phone=&#8220;1px&#8220; border_width_all_last_edited=&#8220;on|phone&#8220; global_colors_info=&#8220;{}&#8220;]<\/p>\n<p>Bei den 1878 abgeschlossenen Ausgrabungen fand man unter dem Altar eine gallo-r\u00f6mische Stele, die einer Gottheit geweiht war. Die Pfarrkirche von Altenstadt wurde also an der Stelle eines romanischen Heiligtums errichtet. Altenstadt soll sich auf der r\u00f6mischen Siedlung Concordia befinden, die im ersten Jahrhundert v. Chr. an der Grenze des damaligen Reiches gegr\u00fcndet wurde. Die Geschichte der Gemeinde ist mit der Geschichte der Abtei und der Stadt Wissembourg verkn\u00fcpft.   <\/p>\n<p>\u00c4hnlich wie beim Dompeter in Avolsheim gilt Saint-Ulrich als eines der \u00e4ltesten christlichen Heiligt\u00fcmer im Elsass. In beiden F\u00e4llen handelt es sich um romanische Geb\u00e4ude aus dem 11. Jahrhundert, die ab dem 12. Jahrhundert umgebaut wurden.  <br \/>Saint-Ulrich ist somit das Ergebnis mehrerer Bauetappen, von denen zwei aus der romanischen Epoche stammen. Das urspr\u00fcngliche Geb\u00e4ude aus dem 11. Jahrhundert, das keinen Turm und ein schwach entwickeltes Kopfende besa\u00df, bestand aus einem dreischiffigen Langhaus mit einem nicht vorspringenden Querschiff. Der Portalturm wurde im zweiten Drittel des 12. Jahrhunderts errichtet. Der gesamte Chor, die kleine Apsis, die Sakristei (19. Jahrhundert) sowie die gotische Kapelle (14. Jahrhundert) sind Anbauten oder Rekonstruktionen.   <\/p>\n<p>Der massive Turmaufsatz mit einer Seitenl\u00e4nge von 7 m ist an den unteren Teilen mit lombardischen B\u00e4ndern (horizontale Bogenfriese und vertikale Lisenen) verziert. Das h\u00f6here Obergeschoss weist auf jeder Seite eine rechteckige \u00d6ffnung und eine Zwillingsbucht auf. Auf der Vorhalle ist der T\u00fcrsturz mit Medaillons verziert, die von Blumenranken eingerahmt sind. Dargestellt sind die Hand Gottes und zwei Schafe. Die dar\u00fcber angebrachte Inschrift bezieht sich auf den Abt Liuthard von Wissembourg, der die Abtei zu Beginn des 11. Jahrhunderts regierte. Manchmal wurde vermutet, dass der Sturz und das geschnitzte Tympanon mit dem Osterlamm von einem anderen Denkmal in Wissembourg stammen k\u00f6nnten, aber der Stil des Portals entspricht genau der Mauer, in die es sich einf\u00fcgt, und dieses Ensemble befindet sich wahrscheinlich an seinem urspr\u00fcnglichen Platz.     <\/p>\n<p>An den Archivolten der Arkaden und an den quadratischen Pfeilern sind geometrische Verzierungen zu erkennen: fischgr\u00e4tenf\u00f6rmige Rillen, die mit denen in Murbach identisch sind. Diese Technik kam erst im 12. Jahrhundert auf, was darauf hindeutet, dass das Mauerwerk eines gro\u00dfen Teils des Geb\u00e4udes damals von den Fundamenten aus dem 11. <\/p>\n<p>Der \u00e4lteste Teil des Geb\u00e4udes aus dem 11. und 12. Jahrhundert ist das dreischiffige Schiff, das von f\u00fcnf Jochen rhythmisiert wird. Die Arkaden, die das Mittelschiff von den Seitenschiffen trennen, ruhen auf quadratischen Pfeilern. Dieses Ensemble besteht aus Quadersteinen, w\u00e4hrend die oberen Teile aus Bruchsteinen bestehen, kaum grob behauenen Steinen, die mit einem Putz \u00fcberzogen werden sollten. Die Buchten des hohen Kirchenschiffs haben ihre urspr\u00fcnglichen Proportionen wiedererlangt. Die k\u00fcrzlich neu eingezogenen Decken mit sichtbaren Balken entsprechen der romanischen Bautechnik des 11.    <\/p>\n<p>[\/et_pb_toggle][\/et_pb_column][et_pb_column type=&#8220;1_3&#8243; _builder_version=&#8220;4.16&#8243; _module_preset=&#8220;default&#8220; global_colors_info=&#8220;{}&#8220;][et_pb_text admin_label=&#8220;Title&#8220; _builder_version=&#8220;4.25.2&#8243; text_font=&#8220;||||||||&#8220; header_font=&#8220;||||||||&#8220; header_2_font=&#8220;Nunito||||||||&#8220; header_2_text_align=&#8220;center&#8220; header_2_text_color=&#8220;#263954&#8243; header_2_font_size=&#8220;35px&#8220; header_2_line_height=&#8220;1.1em&#8220; min_height=&#8220;47.4px&#8220; custom_margin=&#8220;||5px||false|false&#8220; custom_padding=&#8220;20px||||false|false&#8220; animation_direction=&#8220;bottom&#8220; header_2_font_size_tablet=&#8220;30px&#8220; header_2_font_size_phone=&#8220;25px&#8220; header_2_font_size_last_edited=&#8220;on|phone&#8220; locked=&#8220;off&#8220; global_colors_info=&#8220;{}&#8220;]<\/p>\n<h2 style=\"text-align: left;\">Reisef\u00fchrer<\/h2>\n<p>[\/et_pb_text][et_pb_divider color=&#8220;#000000&#8243; divider_weight=&#8220;2px&#8220; _builder_version=&#8220;4.16&#8243; max_width=&#8220;50px&#8220; module_alignment=&#8220;left&#8220; custom_margin=&#8220;||0px||false|false&#8220; custom_padding=&#8220;||0px||false|false&#8220; global_colors_info=&#8220;{}&#8220;][\/et_pb_divider][et_pb_button button_url=&#8220;https:\/\/www.alsace-verte.com\/&#8220; url_new_window=&#8220;on&#8220; button_text=&#8220;Tourist Infos&#8220; button_alignment=&#8220;right&#8220; _builder_version=&#8220;4.27.4&#8243; _module_preset=&#8220;default&#8220; custom_button=&#8220;on&#8220; button_text_size=&#8220;14px&#8220; button_text_color=&#8220;#000000&#8243; button_bg_color=&#8220;rgba(64,170,158,0.19)&#8220; button_bg_enable_image=&#8220;off&#8220; button_border_width=&#8220;0px&#8220; button_border_color=&#8220;#f7dcdc&#8220; button_border_radius=&#8220;5px&#8220; button_letter_spacing=&#8220;1px&#8220; button_icon=&#8220;&#x70;||divi||400&#8243; button_icon_placement=&#8220;left&#8220; button_on_hover=&#8220;off&#8220; background_layout=&#8220;dark&#8220; custom_margin=&#8220;|20px|||false|false&#8220; custom_margin_tablet=&#8220;|20px|||false|false&#8220; custom_margin_phone=&#8220;|20px|||false|false&#8220; custom_margin_last_edited=&#8220;off|phone&#8220; custom_padding=&#8220;||||false|false&#8220; custom_padding_last_edited=&#8220;off|phone&#8220; global_colors_info=&#8220;{}&#8220; background_layout__hover_enabled=&#8220;on|hover&#8220; background_layout__hover=&#8220;light&#8220; transform_styles__hover_enabled=&#8220;on|desktop&#8220; transform_scale__hover_enabled=&#8220;on|desktop&#8220; transform_translate__hover_enabled=&#8220;on|desktop&#8220; transform_rotate__hover_enabled=&#8220;on|desktop&#8220; transform_skew__hover_enabled=&#8220;on|desktop&#8220; transform_origin__hover_enabled=&#8220;on|desktop&#8220; transform_scale__hover=&#8220;110%|110%&#8220;][\/et_pb_button][et_pb_button button_url=&#8220;https:\/\/goo.gl\/maps\/GSbfzhV96SZSTwQ38&#8243; url_new_window=&#8220;on&#8220; button_text=&#8220;Anreise&#8220; button_alignment=&#8220;center&#8220; _builder_version=&#8220;4.27.4&#8243; _module_preset=&#8220;default&#8220; custom_button=&#8220;on&#8220; button_text_size=&#8220;14px&#8220; button_text_color=&#8220;#000000&#8243; button_bg_color=&#8220;rgba(64,170,158,0.19)&#8220; button_border_width=&#8220;0px&#8220; button_border_color=&#8220;#f7dcdc&#8220; button_border_radius=&#8220;5px&#8220; button_letter_spacing=&#8220;1px&#8220; button_icon=&#8220;&#xe01f;||divi||400&#8243; button_icon_placement=&#8220;left&#8220; button_on_hover=&#8220;off&#8220; custom_margin=&#8220;||||false|false&#8220; custom_margin_tablet=&#8220;||||false|false&#8220; custom_margin_phone=&#8220;-15px||||false|false&#8220; custom_margin_last_edited=&#8220;on|phone&#8220; custom_padding=&#8220;||||false|false&#8220; global_colors_info=&#8220;{}&#8220; transform_styles__hover_enabled=&#8220;on|hover&#8220; transform_scale__hover_enabled=&#8220;on|hover&#8220; transform_translate__hover_enabled=&#8220;on|desktop&#8220; transform_rotate__hover_enabled=&#8220;on|desktop&#8220; transform_skew__hover_enabled=&#8220;on|desktop&#8220; transform_origin__hover_enabled=&#8220;on|desktop&#8220; transform_scale__hover=&#8220;110%|110%&#8220;][\/et_pb_button][\/et_pb_column][\/et_pb_row][et_pb_row column_structure=&#8220;1_2,1_2&#8243; _builder_version=&#8220;4.16&#8243; _module_preset=&#8220;default&#8220; locked=&#8220;off&#8220; global_colors_info=&#8220;{}&#8220;][et_pb_column type=&#8220;1_2&#8243; _builder_version=&#8220;4.16&#8243; _module_preset=&#8220;default&#8220; global_colors_info=&#8220;{}&#8220;][et_pb_button button_url=&#8220;@ET-DC@eyJkeW5hbWljIjp0cnVlLCJjb250ZW50IjoicG9zdF9saW5rX3VybF9wYWdlIiwic2V0dGluZ3MiOnsicG9zdF9pZCI6IjExNzYifX0=@&#8220; button_text=&#8220;Feldbach&#8220; button_alignment=&#8220;left&#8220; button_alignment_last_edited=&#8220;off|phone&#8220; _builder_version=&#8220;4.16&#8243; _dynamic_attributes=&#8220;button_url&#8220; _module_preset=&#8220;default&#8220; custom_button=&#8220;on&#8220; button_text_size=&#8220;18px&#8220; button_text_color=&#8220;#000000&#8243; button_bg_color=&#8220;#f7f2f2&#8243; button_border_width=&#8220;0px&#8220; button_border_radius=&#8220;20px&#8220; button_letter_spacing=&#8220;0px&#8220; button_icon=&#8220;&#x34;||divi||400&#8243; button_icon_placement=&#8220;left&#8220; button_on_hover=&#8220;off&#8220; button_text_size_tablet=&#8220;14px&#8220; button_text_size_phone=&#8220;15px&#8220; button_text_size_last_edited=&#8220;on|phone&#8220; locked=&#8220;off&#8220; global_colors_info=&#8220;{}&#8220; transform_styles__hover_enabled=&#8220;on|hover&#8220; transform_scale__hover_enabled=&#8220;on|hover&#8220; transform_translate__hover_enabled=&#8220;on|desktop&#8220; transform_rotate__hover_enabled=&#8220;on|desktop&#8220; transform_skew__hover_enabled=&#8220;on|desktop&#8220; transform_origin__hover_enabled=&#8220;on|desktop&#8220; transform_scale__hover=&#8220;105%|105%&#8220;][\/et_pb_button][\/et_pb_column][et_pb_column type=&#8220;1_2&#8243; _builder_version=&#8220;4.16&#8243; _module_preset=&#8220;default&#8220; global_colors_info=&#8220;{}&#8220;][et_pb_button button_url=&#8220;https:\/\/www.route-romane.com\/de\/alsace\/wissembourg\/?lang=de&#8220; button_text=&#8220;Wissembourg&#8220; button_alignment=&#8220;right&#8220; button_alignment_last_edited=&#8220;off|phone&#8220; _builder_version=&#8220;4.27.4&#8243; _module_preset=&#8220;default&#8220; custom_button=&#8220;on&#8220; button_text_size=&#8220;18px&#8220; button_text_color=&#8220;#000000&#8243; button_bg_color=&#8220;#f7f2f2&#8243; button_border_width=&#8220;0px&#8220; button_border_radius=&#8220;20px&#8220; button_letter_spacing=&#8220;0px&#8220; button_icon=&#8220;&#x35;||divi||400&#8243; button_on_hover=&#8220;off&#8220; button_text_size_tablet=&#8220;14px&#8220; button_text_size_phone=&#8220;15px&#8220; button_text_size_last_edited=&#8220;on|phone&#8220; locked=&#8220;off&#8220; global_colors_info=&#8220;{}&#8220; transform_styles__hover_enabled=&#8220;on|hover&#8220; transform_scale__hover_enabled=&#8220;on|hover&#8220; transform_translate__hover_enabled=&#8220;on|desktop&#8220; transform_rotate__hover_enabled=&#8220;on|desktop&#8220; transform_skew__hover_enabled=&#8220;on|desktop&#8220; transform_origin__hover_enabled=&#8220;on|desktop&#8220; transform_scale__hover=&#8220;105%|105%&#8220;][\/et_pb_button][\/et_pb_column][\/et_pb_row][\/et_pb_section]<\/p>\n","protected":false},"excerpt":{"rendered":"<p>Altenstadt \u00c9glise Saint-Ulrich\u00dcberblick Kirche mit basilikalem Grundriss, deren drei gezimmerte Schiffe und der Portalturm aus dem 12. Die drei Apsiden des Chors stammen aus verschiedenen Epochen (Gotik im Norden, 19. Jahrhundert in den anderen). Das romanische Kirchenschiff besteht aus f\u00fcnf Jochen, die zu den Seitenschiffen hin durch Rundb\u00f6gen ge\u00f6ffnet sind, die auf S\u00e4ulen aus Quadersteinen [&hellip;]<\/p>\n","protected":false},"author":3,"featured_media":0,"parent":6559,"menu_order":0,"comment_status":"closed","ping_status":"closed","template":"","meta":{"_et_pb_use_builder":"on","_et_pb_old_content":"","_et_gb_content_width":"","footnotes":""},"class_list":["post-7003","page","type-page","status-publish","hentry"],"_links":{"self":[{"href":"https:\/\/www.route-romane.com\/de\/wp-json\/wp\/v2\/pages\/7003","targetHints":{"allow":["GET"]}}],"collection":[{"href":"https:\/\/www.route-romane.com\/de\/wp-json\/wp\/v2\/pages"}],"about":[{"href":"https:\/\/www.route-romane.com\/de\/wp-json\/wp\/v2\/types\/page"}],"author":[{"embeddable":true,"href":"https:\/\/www.route-romane.com\/de\/wp-json\/wp\/v2\/users\/3"}],"replies":[{"embeddable":true,"href":"https:\/\/www.route-romane.com\/de\/wp-json\/wp\/v2\/comments?post=7003"}],"version-history":[{"count":10,"href":"https:\/\/www.route-romane.com\/de\/wp-json\/wp\/v2\/pages\/7003\/revisions"}],"predecessor-version":[{"id":7464,"href":"https:\/\/www.route-romane.com\/de\/wp-json\/wp\/v2\/pages\/7003\/revisions\/7464"}],"up":[{"embeddable":true,"href":"https:\/\/www.route-romane.com\/de\/wp-json\/wp\/v2\/pages\/6559"}],"wp:attachment":[{"href":"https:\/\/www.route-romane.com\/de\/wp-json\/wp\/v2\/media?parent=7003"}],"curies":[{"name":"wp","href":"https:\/\/api.w.org\/{rel}","templated":true}]}}