{"id":6559,"date":"2022-04-01T12:16:17","date_gmt":"2022-04-01T10:16:17","guid":{"rendered":"https:\/\/www.route-romane.com\/die-romanische-strasse-im-elsass\/"},"modified":"2025-01-30T11:26:58","modified_gmt":"2025-01-30T10:26:58","slug":"alsace","status":"publish","type":"page","link":"https:\/\/www.route-romane.com\/de\/alsace\/","title":{"rendered":"Die romanische Stra\u00dfe im Elsass"},"content":{"rendered":"<p>[et_pb_section fb_built=&#8220;1&#8243; admin_label=&#8220;Hero Section&#8220; _builder_version=&#8220;4.16&#8243; use_background_color_gradient=&#8220;on&#8220; background_color_gradient_stops=&#8220;#000000 0%|rgba(0,0,0,0) 100%&#8220; background_color_gradient_overlays_image=&#8220;on&#8220; background_color_gradient_start=&#8220;#000000&#8243; background_color_gradient_end=&#8220;rgba(0,0,0,0)&#8220; background_image=&#8220;https:\/\/www.route-romane.com\/Site\/wp-content\/uploads\/2022\/04\/Ottmarsheim-banniere-scaled.jpg&#8220; custom_margin=&#8220;|||&#8220; custom_padding=&#8220;5%||4.5%|||&#8220; animation_style=&#8220;fade&#8220; global_colors_info=&#8220;{}&#8220;][et_pb_row _builder_version=&#8220;4.16&#8243; global_colors_info=&#8220;{}&#8220;][et_pb_column type=&#8220;4_4&#8243; _builder_version=&#8220;4.16&#8243; custom_padding=&#8220;|||&#8220; global_colors_info=&#8220;{}&#8220; custom_padding__hover=&#8220;|||&#8220;][et_pb_text _builder_version=&#8220;4.16&#8243; text_font=&#8220;||||||||&#8220; text_font_size=&#8220;20px&#8220; text_line_height=&#8220;1.8em&#8220; header_font=&#8220;Nunito||||||||&#8220; header_font_size=&#8220;65px&#8220; header_line_height=&#8220;1.1em&#8220; header_2_font=&#8220;||||||||&#8220; text_orientation=&#8220;center&#8220; background_layout=&#8220;dark&#8220; module_alignment=&#8220;center&#8220; header_font_size_tablet=&#8220;50px&#8220; header_font_size_phone=&#8220;30px&#8220; header_font_size_last_edited=&#8220;on|phone&#8220; global_colors_info=&#8220;{}&#8220;]<\/p>\n<h1>Die Romanische Stra\u00dfe im Elsass<\/h1>\n<p>[\/et_pb_text][\/et_pb_column][\/et_pb_row][\/et_pb_section][et_pb_section fb_built=&#8220;1&#8243; module_id=&#8220;Karte&#8220; _builder_version=&#8220;4.16&#8243; _module_preset=&#8220;default&#8220; background_color=&#8220;#f7f2f2&#8243; custom_padding=&#8220;40px|||||&#8220; global_colors_info=&#8220;{}&#8220;][et_pb_row column_structure=&#8220;1_2,1_2&#8243; _builder_version=&#8220;4.16&#8243; _module_preset=&#8220;default&#8220; custom_padding=&#8220;0px|||||&#8220; global_colors_info=&#8220;{}&#8220;][et_pb_column type=&#8220;1_2&#8243; _builder_version=&#8220;4.16&#8243; _module_preset=&#8220;default&#8220; global_colors_info=&#8220;{}&#8220;][et_pb_text _builder_version=&#8220;4.16&#8243; text_font=&#8220;||||||||&#8220; text_text_color=&#8220;#000000&#8243; text_font_size=&#8220;15px&#8220; text_line_height=&#8220;1.8em&#8220; text_orientation=&#8220;justified&#8220; animation_style=&#8220;fold&#8220; animation_direction=&#8220;bottom&#8220; animation_intensity_fold=&#8220;20%&#8220; animation_starting_opacity=&#8220;100%&#8220; locked=&#8220;off&#8220; global_colors_info=&#8220;{}&#8220;]<\/p>\n<p style=\"text-align: left;\"><strong>Entdecken Sie das romanische Erbe des Elsass, indem Sie die Region von Nord nach S\u00fcd durchqueren!<\/strong><\/p>\n<p style=\"text-align: left;\">Die 1999 auf Initiative des els\u00e4ssischen Regionalrats und der D\u00e9l\u00e9gation r\u00e9gionale au Tourisme ins Leben gerufene Route Romane d&#8217;Alsace will diesen unbekannten Bestandteil des els\u00e4ssischen Architekturerbes vorstellen.<\/p>\n<p style=\"text-align: left;\">Die Route f\u00fchrt durch die Ebene, die Weinberge und die Berge und durchquert die gesamte Region, um mehr als 120 Orte zu entdecken, von den prestigetr\u00e4chtigsten bis zu den geheimsten. Einundzwanzig davon, von Altenstadt bis Feldbach, wurden als Hauptetappen ausgew\u00e4hlt. Die Els\u00e4ssische Romanikstra\u00dfe zeigt, wie sehr das romanische Elsass seine Originalit\u00e4t gepflegt hat, w\u00e4hrend es gleichzeitig f\u00fcr den Austausch mit anderen gro\u00dfen Kunstzentren wie Burgund, der Lombardei, Lothringen, der Franche-Comt\u00e9 und dem Rheintal offen geblieben ist.<\/p>\n<p style=\"text-align: left;\">Sie erm\u00f6glicht es, die Entwicklung der regionalen romanischen Kunst von ihren archaischen Formen bis zum Aufkommen der Gotik zu verstehen, die geografische und menschliche Vielfalt des Elsass zu w\u00fcrdigen, aber auch in das Herz seiner st\u00fcrmischen und fruchtbaren Geschichte einzutauchen.<\/p>\n<p style=\"text-align: left;\">Entlang der Els\u00e4ssischen Romanikstra\u00dfe wurde eine Beschilderung erstellt, die eine Vorstellung des Ortes, eine Erkl\u00e4rung der architektonischen Elemente, aus denen er sich zusammensetzt, und eine Karte mit Einzelheiten zu allen romanischen St\u00e4tten in der N\u00e4he umfasst.<\/p>\n<p style=\"text-align: left;\"><strong>Klicken Sie auf die Orte auf der Karte, um zu ihrer Beschreibung zu gelangen!<\/strong><\/p>\n<p style=\"text-align: justify;\">\n<p>[\/et_pb_text][\/et_pb_column][et_pb_column type=&#8220;1_2&#8243; _builder_version=&#8220;4.16&#8243; _module_preset=&#8220;default&#8220; global_colors_info=&#8220;{}&#8220;][et_pb_code _builder_version=&#8220;4.17.6&#8243; _module_preset=&#8220;default&#8220; min_height=&#8220;684px&#8220; global_colors_info=&#8220;{}&#8220;]\n<style>\n\t#hotspot-7471 .hotspots-image-container,\n\t#hotspot-7471 .leaflet-container {\n\t\tbackground: #f7f2f2\t}\n\n\t#hotspot-7471 .hotspots-placeholder,\n\t.featherlight .featherlight-content.lightbox-7471 {\n\t\tbackground: #2e2d29;\n\t\tborder: 0 #2e2d29 solid;\n\t\tcolor: #dfebe5;\n\t}\n\n\t#hotspot-7471 .hotspot-title,\n\t#hotspot-7471 .bc-product__title a,\n\t.featherlight .featherlight-content.lightbox-7471 .hotspot-title,\n\t.featherlight .featherlight-content.lightbox-7471 .bc-product__title a {\n\t\tcolor: #93c7a4;\n\t}\n\n\t\t\t#hotspot-7471 .hotspot-style-1 {\n\t\t\tstroke-width: 2;\n\t\t\tfill: #ffffff;\n\t\t\tfill-opacity: 0;\n\t\t\tstroke: #ffffff;\n\t\t\tstroke-opacity: 0;\n\t\t}\n\t\t#hotspot-7471 .hotspot-style-1:hover,\n\t\t#hotspot-7471 .hotspot-style-1:focus-visible,\n\t\t#hotspot-7471 .hotspot-style-1.hotspot-active {\n\t\t\tfill: #ffffff;\n\t\t\tfill-opacity: 0.81;\n\t\t\toutline: none;\n\t\t\tstroke: #ffffff;\n\t\t\tstroke-opacity: 0.01;\n\t\t}\n\t\t\t#hotspot-7471 .hotspot-default {\n\t\t\tstroke-width: 2;\n\t\t\tfill: #ffffff;\n\t\t\tfill-opacity: 0;\n\t\t\tstroke: #ffffff;\n\t\t\tstroke-opacity: 0;\n\t\t}\n\t\t#hotspot-7471 .hotspot-default:hover,\n\t\t#hotspot-7471 .hotspot-default:focus-visible,\n\t\t#hotspot-7471 .hotspot-default.hotspot-active {\n\t\t\tfill: #ffffff;\n\t\t\tfill-opacity: 0.01;\n\t\t\toutline: none;\n\t\t\tstroke: #ffffff;\n\t\t\tstroke-opacity: 0.01;\n\t\t}\n\t\t#hotspot-7471 .leaflet-tooltip,\n\t#hotspot-7471 .leaflet-rrose-content-wrapper {\n\t\tbackground: #2e2d29;\n\t\tborder-color: #2e2d29;\n\t\tcolor: #dfebe5;\n\t}\n\n\t#hotspot-7471 a.leaflet-rrose-close-button {\n\t\tcolor: #93c7a4;\n\t}\n\n\t#hotspot-7471 .leaflet-rrose-tip {\n\t\tbackground: #2e2d29;\n\t}\n\n\t#hotspot-7471 .leaflet-popup-scrolled {\n\t\tborder-bottom-color: #dfebe5;\n\t\tborder-top-color: #dfebe5;\n\t}\n\n\t#hotspot-7471 .leaflet-tooltip-top:before {\n\t\tborder-top-color: #2e2d29;\n\t}\n\n\t#hotspot-7471 .leaflet-tooltip-bottom:before {\n\t\tborder-bottom-color: #2e2d29;\n\t}\n\t#hotspot-7471 .leaflet-tooltip-left:before {\n\t\tborder-left-color: #2e2d29;\n\t}\n\t#hotspot-7471 .leaflet-tooltip-right:before {\n\t\tborder-right-color: #2e2d29;\n\t}\n<\/style>\n\n\n\t<div class=\"hotspots-container links-only layout-tooltip event-hover\" id=\"hotspot-7471\" data-layout=\"tooltip\" data-trigger=\"hover\">\n\t\t<div class=\"hotspots-interaction\">\n\t\t\t<div class=\"hotspots-image-container\">\n\t<img\n\t\twidth=\"550\"\n\t\theight=\"965\"\n\t\tsrc=\"https:\/\/www.route-romane.com\/Site\/wp-content\/uploads\/2022\/07\/CarteRouteRomaneAlsace-NEW2-1.png\"\n\t\talt=\"Alsace\"\n\t\tclass=\"hotspots-image skip-lazy\"\n\t\tusemap=\"#hotspots-image-7471\"\n\t\tdata-image-title=\"Alsace\"\n\t\tdata-image-description=\"\"\n\t\tdata-event-trigger=\"hover\"\n\t\tdata-always-visible=\"false\"\n\t\tdata-id=\"7471\"\n\t\tdata-no-lazy=\"1\"\n\t\tdata-lazy-src=\"\"\n\t\tdata-lazy=\"false\"\n\t\tloading=\"eager\"\n\t\tdata-skip-lazy=\"1\"\n\t\t>\n<\/div>\t\t<\/div>\n\t\t<map name=\"hotspots-image-7471\" class=\"hotspots-map\">\n\t\t\t\t\t\t\t\t\t\t\t<area\n\t\t\t\t\tshape=\"polygon\"\n\t\t\t\t\tcoords=\"424,42,411,41,406,78,418,80,518,79,516,60,425,62,424,52\"\n\t\t\t\t\thref=\"https:\/\/www.route-romane.com\/de\/alsace\/altenstadt\/\"\n\t\t\t\t\trel=\"\"\n\t\t\t\t\ttitle=\"Altenstadt\"\n\t\t\t\t\talt=\"Altenstadt\"\n\t\t\t\t\tdata-action=\"url\"\n\t\t\t\t\tdata-color-scheme=\"\"\n\t\t\t\t\tdata-id=\"area-hotspot-7471-0\"\n\t\t\t\t\ttarget=\"\"\n\t\t\t\t\tclass=\"url-area\"\n\t\t\t\t\t>\n\t\t\t\t\t\t\t\t\t\t\t<area\n\t\t\t\t\tshape=\"polygon\"\n\t\t\t\t\tcoords=\"233,61,349,59,355,40,368,41,367,58,379,64,376,81,235,79,234,69\"\n\t\t\t\t\thref=\"https:\/\/www.route-romane.com\/de\/alsace\/wissembourg\/\"\n\t\t\t\t\trel=\"\"\n\t\t\t\t\ttitle=\"Wissembourg\"\n\t\t\t\t\talt=\"Wissembourg\"\n\t\t\t\t\tdata-action=\"url\"\n\t\t\t\t\tdata-color-scheme=\"\"\n\t\t\t\t\tdata-id=\"area-hotspot-7471-1\"\n\t\t\t\t\ttarget=\"\"\n\t\t\t\t\tclass=\"url-area\"\n\t\t\t\t\t>\n\t\t\t\t\t\t\t\t\t\t\t<area\n\t\t\t\t\tshape=\"polygon\"\n\t\t\t\t\tcoords=\"273,98,386,102,386,96,398,97,398,119,370,119,274,114\"\n\t\t\t\t\thref=\"https:\/\/www.route-romane.com\/de\/alsace\/surbourg\/\"\n\t\t\t\t\trel=\"\"\n\t\t\t\t\ttitle=\"Surbourg\"\n\t\t\t\t\talt=\"Surbourg\"\n\t\t\t\t\tdata-action=\"url\"\n\t\t\t\t\tdata-color-scheme=\"\"\n\t\t\t\t\tdata-id=\"area-hotspot-7471-2\"\n\t\t\t\t\ttarget=\"\"\n\t\t\t\t\tclass=\"url-area\"\n\t\t\t\t\t>\n\t\t\t\t\t\t\t\t\t\t\t<area\n\t\t\t\t\tshape=\"polygon\"\n\t\t\t\t\tcoords=\"187,145,203,145,202,157,229,158,434,160,433,182,206,180,196,166,186,157\"\n\t\t\t\t\thref=\"https:\/\/www.route-romane.com\/de\/alsace\/neuwiller-les-saverne\/\"\n\t\t\t\t\trel=\"\"\n\t\t\t\t\ttitle=\"Neuwiller-les-Saverne\"\n\t\t\t\t\talt=\"Neuwiller-les-Saverne\"\n\t\t\t\t\tdata-action=\"url\"\n\t\t\t\t\tdata-color-scheme=\"\"\n\t\t\t\t\tdata-id=\"area-hotspot-7471-3\"\n\t\t\t\t\ttarget=\"\"\n\t\t\t\t\tclass=\"url-area\"\n\t\t\t\t\t>\n\t\t\t\t\t\t\t\t\t\t\t<area\n\t\t\t\t\tshape=\"polygon\"\n\t\t\t\t\tcoords=\"12,183,231,184,233,207,218,213,216,202,11,203,10,195\"\n\t\t\t\t\thref=\"https:\/\/www.route-romane.com\/de\/alsace\/saint-jean-saverne\/\"\n\t\t\t\t\trel=\"\"\n\t\t\t\t\ttitle=\"Saint-Jean-Saverne\"\n\t\t\t\t\talt=\"Saint-Jean-Saverne\"\n\t\t\t\t\tdata-action=\"url\"\n\t\t\t\t\tdata-color-scheme=\"\"\n\t\t\t\t\tdata-id=\"area-hotspot-7471-4\"\n\t\t\t\t\ttarget=\"\"\n\t\t\t\t\tclass=\"url-area\"\n\t\t\t\t\t>\n\t\t\t\t\t\t\t\t\t\t\t<area\n\t\t\t\t\tshape=\"polygon\"\n\t\t\t\t\tcoords=\"171,219,187,219,188,225,228,225,328,225,331,245,173,243\"\n\t\t\t\t\thref=\"https:\/\/www.route-romane.com\/de\/alsace\/marmoutier\/\"\n\t\t\t\t\trel=\"\"\n\t\t\t\t\ttitle=\"Marmoutier\"\n\t\t\t\t\talt=\"Marmoutier\"\n\t\t\t\t\tdata-action=\"url\"\n\t\t\t\t\tdata-color-scheme=\"\"\n\t\t\t\t\tdata-id=\"area-hotspot-7471-5\"\n\t\t\t\t\ttarget=\"\"\n\t\t\t\t\tclass=\"url-area\"\n\t\t\t\t\t>\n\t\t\t\t\t\t\t\t\t\t\t<area\n\t\t\t\t\tshape=\"polygon\"\n\t\t\t\t\tcoords=\"63,266,195,260,206,260,207,250,224,250,209,285,64,284\"\n\t\t\t\t\thref=\"https:\/\/www.route-romane.com\/de\/alsace\/obersteigen\/\"\n\t\t\t\t\trel=\"\"\n\t\t\t\t\ttitle=\"Obersteigen\"\n\t\t\t\t\talt=\"Obersteigen\"\n\t\t\t\t\tdata-action=\"url\"\n\t\t\t\t\tdata-color-scheme=\"\"\n\t\t\t\t\tdata-id=\"area-hotspot-7471-6\"\n\t\t\t\t\ttarget=\"\"\n\t\t\t\t\tclass=\"url-area\"\n\t\t\t\t\t>\n\t\t\t\t\t\t\t\t\t\t\t<area\n\t\t\t\t\tshape=\"polygon\"\n\t\t\t\t\tcoords=\"330,258,347,258,348,287,449,288,449,314,324,311,327,294\"\n\t\t\t\t\thref=\"https:\/\/www.route-romane.com\/de\/alsace\/strasbourg\/\"\n\t\t\t\t\trel=\"\"\n\t\t\t\t\ttitle=\"Strasbourg\"\n\t\t\t\t\talt=\"Strasbourg\"\n\t\t\t\t\tdata-action=\"url\"\n\t\t\t\t\tdata-color-scheme=\"\"\n\t\t\t\t\tdata-id=\"area-hotspot-7471-7\"\n\t\t\t\t\ttarget=\"\"\n\t\t\t\t\tclass=\"url-area\"\n\t\t\t\t\t>\n\t\t\t\t\t\t\t\t\t\t\t<area\n\t\t\t\t\tshape=\"polygon\"\n\t\t\t\t\tcoords=\"318,329,407,334,406,355,343,355,338,375,316,375\"\n\t\t\t\t\thref=\"https:\/\/www.route-romane.com\/de\/alsace\/eschau\/\"\n\t\t\t\t\trel=\"\"\n\t\t\t\t\ttitle=\"Eschau\"\n\t\t\t\t\talt=\"Eschau\"\n\t\t\t\t\tdata-action=\"url\"\n\t\t\t\t\tdata-color-scheme=\"\"\n\t\t\t\t\tdata-id=\"area-hotspot-7471-8\"\n\t\t\t\t\ttarget=\"\"\n\t\t\t\t\tclass=\"url-area\"\n\t\t\t\t\t>\n\t\t\t\t\t\t\t\t\t\t\t<area\n\t\t\t\t\tshape=\"polygon\"\n\t\t\t\t\tcoords=\"124,326,206,327,218,328,250,340,253,367,226,369,210,343,125,344\"\n\t\t\t\t\thref=\"https:\/\/www.route-romane.com\/de\/alsace\/rosheim\/\"\n\t\t\t\t\trel=\"\"\n\t\t\t\t\ttitle=\"Rosheim\"\n\t\t\t\t\talt=\"Rosheim\"\n\t\t\t\t\tdata-action=\"url\"\n\t\t\t\t\tdata-color-scheme=\"\"\n\t\t\t\t\tdata-id=\"area-hotspot-7471-9\"\n\t\t\t\t\ttarget=\"\"\n\t\t\t\t\tclass=\"url-area\"\n\t\t\t\t\t>\n\t\t\t\t\t\t\t\t\t\t\t<area\n\t\t\t\t\tshape=\"polygon\"\n\t\t\t\t\tcoords=\"156,380,278,386,271,400,192,403,160,411\"\n\t\t\t\t\thref=\"https:\/\/www.route-romane.com\/de\/alsace\/andlau\/\"\n\t\t\t\t\trel=\"\"\n\t\t\t\t\ttitle=\"Andlau\"\n\t\t\t\t\talt=\"Andlau\"\n\t\t\t\t\tdata-action=\"url\"\n\t\t\t\t\tdata-color-scheme=\"\"\n\t\t\t\t\tdata-id=\"area-hotspot-7471-10\"\n\t\t\t\t\ttarget=\"\"\n\t\t\t\t\tclass=\"url-area\"\n\t\t\t\t\t>\n\t\t\t\t\t\t\t\t\t\t\t<area\n\t\t\t\t\tshape=\"polygon\"\n\t\t\t\t\tcoords=\"184,417,284,414,286,437,214,437,207,445,184,443\"\n\t\t\t\t\thref=\"https:\/\/www.route-romane.com\/de\/alsace\/epfig\/\"\n\t\t\t\t\trel=\"\"\n\t\t\t\t\ttitle=\"Epfig\"\n\t\t\t\t\talt=\"Epfig\"\n\t\t\t\t\tdata-action=\"url\"\n\t\t\t\t\tdata-color-scheme=\"\"\n\t\t\t\t\tdata-id=\"area-hotspot-7471-11\"\n\t\t\t\t\ttarget=\"\"\n\t\t\t\t\tclass=\"url-area\"\n\t\t\t\t\t>\n\t\t\t\t\t\t\t\t\t\t\t<area\n\t\t\t\t\tshape=\"polygon\"\n\t\t\t\t\tcoords=\"215,456,244,455,258,461,352,459,351,481,248,477,242,479,220,478\"\n\t\t\t\t\thref=\"https:\/\/www.route-romane.com\/de\/alsace\/selestat\/\"\n\t\t\t\t\trel=\"\"\n\t\t\t\t\ttitle=\"S\u00e9lestat\"\n\t\t\t\t\talt=\"S\u00e9lestat\"\n\t\t\t\t\tdata-action=\"url\"\n\t\t\t\t\tdata-color-scheme=\"\"\n\t\t\t\t\tdata-id=\"area-hotspot-7471-12\"\n\t\t\t\t\ttarget=\"\"\n\t\t\t\t\tclass=\"url-area\"\n\t\t\t\t\t>\n\t\t\t\t\t\t\t\t\t\t\t<area\n\t\t\t\t\tshape=\"polygon\"\n\t\t\t\t\tcoords=\"192,486,167,485,167,505,55,510,58,531,197,535\"\n\t\t\t\t\thref=\"https:\/\/www.route-romane.com\/de\/alsace\/kaysersberg\/\"\n\t\t\t\t\trel=\"\"\n\t\t\t\t\ttitle=\"Kaysersberg\"\n\t\t\t\t\talt=\"Kaysersberg\"\n\t\t\t\t\tdata-action=\"url\"\n\t\t\t\t\tdata-color-scheme=\"\"\n\t\t\t\t\tdata-id=\"area-hotspot-7471-13\"\n\t\t\t\t\ttarget=\"\"\n\t\t\t\t\tclass=\"url-area\"\n\t\t\t\t\t>\n\t\t\t\t\t\t\t\t\t\t\t<area\n\t\t\t\t\tshape=\"polygon\"\n\t\t\t\t\tcoords=\"198,519,331,521,326,541,230,545,222,570,200,570\"\n\t\t\t\t\thref=\"https:\/\/www.route-romane.com\/de\/alsace\/sigolsheim\/\"\n\t\t\t\t\trel=\"\"\n\t\t\t\t\ttitle=\"Sigolsheim\"\n\t\t\t\t\talt=\"Sigolsheim\"\n\t\t\t\t\tdata-action=\"url\"\n\t\t\t\t\tdata-color-scheme=\"\"\n\t\t\t\t\tdata-id=\"area-hotspot-7471-14\"\n\t\t\t\t\ttarget=\"\"\n\t\t\t\t\tclass=\"url-area\"\n\t\t\t\t\t>\n\t\t\t\t\t\t\t\t\t\t\t<area\n\t\t\t\t\tshape=\"polygon\"\n\t\t\t\t\tcoords=\"127,554,153,555,160,573,322,573,324,596,158,595,152,585,128,584\"\n\t\t\t\t\thref=\"https:\/\/www.route-romane.com\/de\/alsace\/gueberschwihr\/\"\n\t\t\t\t\trel=\"\"\n\t\t\t\t\ttitle=\"Gueberschwihr\"\n\t\t\t\t\talt=\"Gueberschwihr\"\n\t\t\t\t\tdata-action=\"url\"\n\t\t\t\t\tdata-color-scheme=\"\"\n\t\t\t\t\tdata-id=\"area-hotspot-7471-15\"\n\t\t\t\t\ttarget=\"\"\n\t\t\t\t\tclass=\"url-area\"\n\t\t\t\t\t>\n\t\t\t\t\t\t\t\t\t\t\t<area\n\t\t\t\t\tshape=\"polygon\"\n\t\t\t\t\tcoords=\"10,610,136,612,146,601,171,602,170,632,10,634\"\n\t\t\t\t\thref=\"https:\/\/www.route-romane.com\/de\/alsace\/lautenbach\/\"\n\t\t\t\t\trel=\"\"\n\t\t\t\t\ttitle=\"Lautenbach\"\n\t\t\t\t\talt=\"Lautenbach\"\n\t\t\t\t\tdata-action=\"url\"\n\t\t\t\t\tdata-color-scheme=\"\"\n\t\t\t\t\tdata-id=\"area-hotspot-7471-16\"\n\t\t\t\t\ttarget=\"\"\n\t\t\t\t\tclass=\"url-area\"\n\t\t\t\t\t>\n\t\t\t\t\t\t\t\t\t\t\t<area\n\t\t\t\t\tshape=\"polygon\"\n\t\t\t\t\tcoords=\"100,641,236,638,238,660,132,658,124,669,101,668\"\n\t\t\t\t\thref=\"https:\/\/www.route-romane.com\/de\/alsace\/murbach\/\"\n\t\t\t\t\trel=\"\"\n\t\t\t\t\ttitle=\"Murbach\"\n\t\t\t\t\talt=\"Murbach\"\n\t\t\t\t\tdata-action=\"url\"\n\t\t\t\t\tdata-color-scheme=\"\"\n\t\t\t\t\tdata-id=\"area-hotspot-7471-17\"\n\t\t\t\t\ttarget=\"\"\n\t\t\t\t\tclass=\"url-area\"\n\t\t\t\t\t>\n\t\t\t\t\t\t\t\t\t\t\t<area\n\t\t\t\t\tshape=\"polygon\"\n\t\t\t\t\tcoords=\"44,679,166,680,175,664,201,663,196,698,46,700\"\n\t\t\t\t\thref=\"https:\/\/www.route-romane.com\/de\/alsace\/guebwiller\/\"\n\t\t\t\t\trel=\"\"\n\t\t\t\t\ttitle=\"Guebwiller\"\n\t\t\t\t\talt=\"Guebwiller\"\n\t\t\t\t\tdata-action=\"url\"\n\t\t\t\t\tdata-color-scheme=\"\"\n\t\t\t\t\tdata-id=\"area-hotspot-7471-18\"\n\t\t\t\t\ttarget=\"\"\n\t\t\t\t\tclass=\"url-area\"\n\t\t\t\t\t>\n\t\t\t\t\t\t\t\t\t\t\t<area\n\t\t\t\t\tshape=\"polygon\"\n\t\t\t\t\tcoords=\"132,752,276,752,280,698,249,696,244,728,130,730\"\n\t\t\t\t\thref=\"https:\/\/www.route-romane.com\/de\/alsace\/ottmarsheim\/\"\n\t\t\t\t\trel=\"\"\n\t\t\t\t\ttitle=\"Ottmarsheim\"\n\t\t\t\t\talt=\"Ottmarsheim\"\n\t\t\t\t\tdata-action=\"url\"\n\t\t\t\t\tdata-color-scheme=\"\"\n\t\t\t\t\tdata-id=\"area-hotspot-7471-19\"\n\t\t\t\t\ttarget=\"\"\n\t\t\t\t\tclass=\"url-area\"\n\t\t\t\t\t>\n\t\t\t\t\t\t\t\t\t\t\t<area\n\t\t\t\t\tshape=\"polygon\"\n\t\t\t\t\tcoords=\"175,825,203,825,202,845,218,855,223,879,115,883,114,856,175,847\"\n\t\t\t\t\thref=\"https:\/\/www.route-romane.com\/de\/alsace\/feldbach\/\"\n\t\t\t\t\trel=\"\"\n\t\t\t\t\ttitle=\"Feldbach\"\n\t\t\t\t\talt=\"Feldbach\"\n\t\t\t\t\tdata-action=\"url\"\n\t\t\t\t\tdata-color-scheme=\"\"\n\t\t\t\t\tdata-id=\"area-hotspot-7471-20\"\n\t\t\t\t\ttarget=\"\"\n\t\t\t\t\tclass=\"url-area\"\n\t\t\t\t\t>\n\t\t\t\t\t<\/map>\n\n\t\t\n\t\t\t\t\t\t\t\t\t\t\t\t\t\t\t\t\t\t\t\t\t\t\t\t\t\t\t\t\t\t\t\t\t\t\t\t\t\t\t\t\t\t\t\t\t\t\t\t\t\t\t\t\t\t\t\t\t\t\t\t\t\t\t\t\t\t<\/div>\n\n[\/et_pb_code][\/et_pb_column][\/et_pb_row][\/et_pb_section]<\/p>\n","protected":false},"excerpt":{"rendered":"<p>Die Romanische Stra\u00dfe im ElsassEntdecken Sie das romanische Erbe des Elsass, indem Sie die Region von Nord nach S\u00fcd durchqueren! Die 1999 auf Initiative des els\u00e4ssischen Regionalrats und der D\u00e9l\u00e9gation r\u00e9gionale au Tourisme ins Leben gerufene Route Romane d&#8217;Alsace will diesen unbekannten Bestandteil des els\u00e4ssischen Architekturerbes vorstellen. Die Route f\u00fchrt durch die Ebene, die Weinberge [&hellip;]<\/p>\n","protected":false},"author":3,"featured_media":0,"parent":0,"menu_order":0,"comment_status":"closed","ping_status":"closed","template":"","meta":{"_et_pb_use_builder":"on","_et_pb_old_content":"","_et_gb_content_width":"","footnotes":""},"class_list":["post-6559","page","type-page","status-publish","hentry"],"_links":{"self":[{"href":"https:\/\/www.route-romane.com\/de\/wp-json\/wp\/v2\/pages\/6559","targetHints":{"allow":["GET"]}}],"collection":[{"href":"https:\/\/www.route-romane.com\/de\/wp-json\/wp\/v2\/pages"}],"about":[{"href":"https:\/\/www.route-romane.com\/de\/wp-json\/wp\/v2\/types\/page"}],"author":[{"embeddable":true,"href":"https:\/\/www.route-romane.com\/de\/wp-json\/wp\/v2\/users\/3"}],"replies":[{"embeddable":true,"href":"https:\/\/www.route-romane.com\/de\/wp-json\/wp\/v2\/comments?post=6559"}],"version-history":[{"count":4,"href":"https:\/\/www.route-romane.com\/de\/wp-json\/wp\/v2\/pages\/6559\/revisions"}],"predecessor-version":[{"id":6578,"href":"https:\/\/www.route-romane.com\/de\/wp-json\/wp\/v2\/pages\/6559\/revisions\/6578"}],"wp:attachment":[{"href":"https:\/\/www.route-romane.com\/de\/wp-json\/wp\/v2\/media?parent=6559"}],"curies":[{"name":"wp","href":"https:\/\/api.w.org\/{rel}","templated":true}]}}