{"id":6549,"date":"2022-04-05T15:29:34","date_gmt":"2022-04-05T13:29:34","guid":{"rendered":"https:\/\/www.route-romane.com\/die-romanische-kunst-im-elsass\/"},"modified":"2025-02-12T15:37:53","modified_gmt":"2025-02-12T14:37:53","slug":"lart-roman-en-alsace","status":"publish","type":"page","link":"https:\/\/www.route-romane.com\/de\/","title":{"rendered":"Die romanische Kunst im Elsass"},"content":{"rendered":"<p>[et_pb_section fb_built=&#8220;1&#8243; admin_label=&#8220;Hero Section&#8220; _builder_version=&#8220;4.16&#8243; use_background_color_gradient=&#8220;on&#8220; background_color_gradient_stops=&#8220;#000000 0%|rgba(0,0,0,0) 100%&#8220; background_color_gradient_overlays_image=&#8220;on&#8220; background_color_gradient_start=&#8220;#000000&#8243; background_color_gradient_end=&#8220;rgba(0,0,0,0)&#8220; background_image=&#8220;https:\/\/www.route-romane.com\/Site\/wp-content\/uploads\/2022\/04\/Ottmarsheim-banniere-scaled.jpg&#8220; custom_margin=&#8220;|||&#8220; custom_padding=&#8220;8%||0.4%|||&#8220; animation_style=&#8220;fade&#8220; global_colors_info=&#8220;{}&#8220;][et_pb_row _builder_version=&#8220;4.16&#8243; global_colors_info=&#8220;{}&#8220;][et_pb_column type=&#8220;4_4&#8243; _builder_version=&#8220;4.16&#8243; custom_padding=&#8220;|||&#8220; global_colors_info=&#8220;{}&#8220; custom_padding__hover=&#8220;|||&#8220;][et_pb_text _builder_version=&#8220;4.19.5&#8243; text_font=&#8220;||||||||&#8220; text_font_size=&#8220;20px&#8220; text_line_height=&#8220;1.8em&#8220; header_font=&#8220;Nunito||||||||&#8220; header_font_size=&#8220;65px&#8220; header_line_height=&#8220;1.1em&#8220; header_2_font=&#8220;||||||||&#8220; text_orientation=&#8220;center&#8220; background_layout=&#8220;dark&#8220; module_alignment=&#8220;center&#8220; text_font_size_tablet=&#8220;17px&#8220; text_font_size_phone=&#8220;12px&#8220; text_font_size_last_edited=&#8220;on|phone&#8220; header_font_size_tablet=&#8220;50px&#8220; header_font_size_phone=&#8220;30px&#8220; header_font_size_last_edited=&#8220;on|phone&#8220; global_colors_info=&#8220;{}&#8220;]<\/p>\n<h1>Die romanische Kunst im Elsass<\/h1>\n<p>Entdecken Sie das romanische Kulturerbe des Elsass, indem Sie die Region von Nord nach S\u00fcd durchqueren! Durch die Ebene, die Weinberge und die Berge f\u00fchrt die Route durch die gesamte Region, um mehr als 120 aufgelistete St\u00e4tten zu entdecken, von den prestigetr\u00e4chtigsten bis zu den geheimsten. <\/p>\n<p>[\/et_pb_text][\/et_pb_column][\/et_pb_row][et_pb_row custom_padding_last_edited=&#8220;on|desktop&#8220; _builder_version=&#8220;4.19.5&#8243; _module_preset=&#8220;default&#8220; custom_padding=&#8220;80px|||||&#8220; custom_padding_tablet=&#8220;20px||||false|false&#8220; custom_padding_phone=&#8220;10px||||false|false&#8220; locked=&#8220;off&#8220; global_colors_info=&#8220;{}&#8220;][et_pb_column type=&#8220;4_4&#8243; _builder_version=&#8220;4.16&#8243; _module_preset=&#8220;default&#8220; global_colors_info=&#8220;{}&#8220;][et_pb_button button_url=&#8220;@ET-DC@eyJkeW5hbWljIjp0cnVlLCJjb250ZW50IjoicG9zdF9saW5rX3VybF9wYWdlIiwic2V0dGluZ3MiOnsicG9zdF9pZCI6IjI2MSIsImVuYWJsZV9odG1sIjoib2ZmIn19@&#8220; button_text=&#8220;Die Karte des Elsass&#8220; button_alignment=&#8220;center&#8220; _builder_version=&#8220;4.19.5&#8243; _dynamic_attributes=&#8220;button_url&#8220; _module_preset=&#8220;default&#8220; custom_button=&#8220;on&#8220; button_text_size=&#8220;26px&#8220; button_text_color=&#8220;#FFFFFF&#8220; button_border_width=&#8220;0px&#8220; button_font=&#8220;|600||on|||||&#8220; button_icon=&#8220;&#x3d;||divi||400&#8243; button_on_hover=&#8220;off&#8220; custom_margin=&#8220;||2px|||&#8220; button_text_size_tablet=&#8220;20px&#8220; button_text_size_phone=&#8220;16px&#8220; button_text_size_last_edited=&#8220;on|phone&#8220; global_colors_info=&#8220;{}&#8220;][\/et_pb_button][\/et_pb_column][\/et_pb_row][\/et_pb_section][et_pb_section fb_built=&#8220;1&#8243; custom_padding_last_edited=&#8220;on|phone&#8220; admin_label=&#8220;Explore Story Section&#8220; module_id=&#8220;\u00dcberblick&#8220; _builder_version=&#8220;4.16&#8243; background_color=&#8220;#f7f7f7&#8243; custom_padding=&#8220;60px||4px||false|false&#8220; custom_padding_tablet=&#8220;40px||||false|false&#8220; custom_padding_phone=&#8220;20px||||false|false&#8220; global_colors_info=&#8220;{}&#8220;][et_pb_row custom_padding_last_edited=&#8220;on|phone&#8220; admin_label=&#8220;Text Area&#8220; _builder_version=&#8220;4.16&#8243; max_width=&#8220;700px&#8220; custom_padding=&#8220;20px||||false|false&#8220; custom_padding_tablet=&#8220;20px||||false|false&#8220; custom_padding_phone=&#8220;||0px||false|false&#8220; use_custom_width=&#8220;on&#8220; custom_width_px=&#8220;700px&#8220; global_colors_info=&#8220;{}&#8220;][et_pb_column type=&#8220;4_4&#8243; _builder_version=&#8220;4.16&#8243; custom_padding=&#8220;|||&#8220; global_colors_info=&#8220;{}&#8220; custom_padding__hover=&#8220;|||&#8220;][et_pb_text admin_label=&#8220;Title&#8220; module_id=&#8220;presentation&#8220; _builder_version=&#8220;4.16&#8243; text_font=&#8220;||||||||&#8220; header_font=&#8220;||||||||&#8220; header_2_font=&#8220;Nunito||||||||&#8220; header_2_text_align=&#8220;center&#8220; header_2_text_color=&#8220;#263954&#8243; header_2_font_size=&#8220;36px&#8220; header_2_line_height=&#8220;1.4em&#8220; custom_margin=&#8220;||5px|&#8220; animation_style=&#8220;fold&#8220; animation_direction=&#8220;bottom&#8220; animation_intensity_fold=&#8220;20%&#8220; animation_starting_opacity=&#8220;100%&#8220; header_2_font_size_tablet=&#8220;30px&#8220; header_2_font_size_phone=&#8220;25px&#8220; header_2_font_size_last_edited=&#8220;on|phone&#8220; global_colors_info=&#8220;{}&#8220;]<\/p>\n<h2>Beschreibung<\/h2>\n<p>[\/et_pb_text][et_pb_divider color=&#8220;#0099e5&#8243; divider_position=&#8220;center&#8220; divider_weight=&#8220;2px&#8220; _builder_version=&#8220;4.16&#8243; max_width=&#8220;50px&#8220; module_alignment=&#8220;center&#8220; global_colors_info=&#8220;{}&#8220;][\/et_pb_divider][\/et_pb_column][\/et_pb_row][et_pb_row column_structure=&#8220;1_2,1_2&#8243; admin_label=&#8220;Text Area&#8220; _builder_version=&#8220;4.16&#8243; max_width=&#8220;1022px&#8220; custom_padding=&#8220;20px|||&#8220; use_custom_width=&#8220;on&#8220; custom_width_px=&#8220;700px&#8220; global_colors_info=&#8220;{}&#8220;][et_pb_column type=&#8220;1_2&#8243; _builder_version=&#8220;4.16&#8243; custom_padding=&#8220;|||&#8220; global_colors_info=&#8220;{}&#8220; custom_padding__hover=&#8220;|||&#8220;][et_pb_text _builder_version=&#8220;4.16&#8243; text_font=&#8220;||||||||&#8220; text_text_color=&#8220;#000000&#8243; text_font_size=&#8220;15px&#8220; text_line_height=&#8220;1.8em&#8220; text_orientation=&#8220;justified&#8220; animation_style=&#8220;fold&#8220; animation_direction=&#8220;bottom&#8220; animation_intensity_fold=&#8220;20%&#8220; animation_starting_opacity=&#8220;100%&#8220; global_colors_info=&#8220;{}&#8220;]<\/p>\n<p style=\"text-align: justify;\">Das Elsass hat eine spezifische romanische Kunst entwickelt, die jedoch keine Einheitlichkeit der Form aufweist. Es unterscheidet sich von dem der Nachbarregionen, aber das Elsass war schon immer offen f\u00fcr \u00e4u\u00dfere Einfl\u00fcsse. Sie ist ganz nat\u00fcrlich Teil des Rheinlandes, aber da sie an der Schnittstelle zwischen der lateinischen und der germanischen Welt liegt, hat sie sich auch durch zahlreiche historische und kulturelle Str\u00f6mungen bereichert, die alle ihre Spuren hinterlassen haben.  <\/p>\n<p>Es ist nichts aus der Zeit vor dem Jahr 1000 erhalten geblieben.<\/p>\n<p>Die erste romanische Kunst im Elsass, die des 11. Jahrhunderts, entspricht dem Ende der ottonischen Renaissance. Diese hatte im Reich bereits 950 begonnen, trat im Elsass jedoch erst 50 Jahre sp\u00e4ter, zur Zeit der salischen Dynastie, in Erscheinung. Diese erste Periode der romanischen Kunst im Elsass erreichte ihren H\u00f6hepunkt mit der \u201eWeihetour\u201c, die der els\u00e4ssische Papst Leo IX. 1049 in seiner Heimatregion unternahm. Diese erste romanische Kunst im Elsass zeugt von einer Architektur der karolingischen Tradition mit zentriertem Grundriss (Ottmarsheim, Epfig, Saint-Ulric d&#8217;Avolsheim&#8230;) oder mit basilikalem Grundriss mit drei Schiffen (Dompeter, Altenstadt, Hohatzenheim). Oft ist das Querschiff niedrig, manchmal \u00fcberragt es die Breite der Seitenschiffe (Eschau), manchmal \u00fcberragt es sie nicht (Hattstatt). Die meisten Geb\u00e4ude haben keine Glockent\u00fcrme.     <\/p>\n<p>Das 12. Jahrhundert und das erste Viertel des 13. Jahrhunderts sind das Goldene Zeitalter der romanischen Kunst im Elsass. Diese Bl\u00fctezeit der romanischen Kunst entspricht dem Aufstieg des Geschlechts der Hohenstaufen, der Herz\u00f6ge von Schwaben und des Elsass, die sp\u00e4ter Kaiser des Heiligen R\u00f6mischen Reiches Deutscher Nation wurden, und insbesondere der Regierungszeit von Friedrich I., genannt Barbarossa (1122-1190). <\/p>\n<p>Der h\u00e4ufigste Grundriss ist der einer kreuzf\u00f6rmigen Basilika mit Vierungsturm.<\/p>\n<p>[\/et_pb_text][\/et_pb_column][et_pb_column type=&#8220;1_2&#8243; _builder_version=&#8220;4.16&#8243; custom_padding=&#8220;|||&#8220; global_colors_info=&#8220;{}&#8220; custom_padding__hover=&#8220;|||&#8220;][et_pb_text _builder_version=&#8220;4.16&#8243; text_font=&#8220;||||||||&#8220; text_text_color=&#8220;#000000&#8243; text_font_size=&#8220;15px&#8220; text_line_height=&#8220;1.8em&#8220; text_orientation=&#8220;justified&#8220; animation_style=&#8220;fold&#8220; animation_direction=&#8220;bottom&#8220; animation_intensity_fold=&#8220;20%&#8220; animation_starting_opacity=&#8220;100%&#8220; global_colors_info=&#8220;{}&#8220;]<\/p>\n<p style=\"text-align: justify;\">Die Fassade spiegelt entweder die innere Struktur der drei Kirchenschiffe wider (Rosheim, Altorf, Sigolsheim, Haguenau&#8230;) und wird dann als italienischer Typ bezeichnet, oder sie wird als monumentales \u201ewestliches Massiv\u201c behandelt, das eine Vorhalle und zwei Fassadent\u00fcrme einschlie\u00dft (Marmoutier, S\u00e9lestat, Guebwiller, Lautenbach&#8230;).<\/p>\n<p style=\"text-align: justify;\">Die allgemeine Verwendung von Kreuzgew\u00f6lben und die Verwendung von Quadersteinen f\u00fcr die Au\u00dfenfassaden unterscheidet die Geb\u00e4ude dieses Goldenen Zeitalters von ihren \u00e4lteren Vorbildern, doch die sp\u00fcrbarste Entwicklung ist die des dekorativen Repertoires an Skulpturen. Die Portale gewinnen an Reichtum, die aus byzantinischen Seidenstoffen, Elfenbein- und Goldschmiedearbeiten stammenden Flechtwerke und Ranken stehen neben einem fabelhaften Bestiarium (Murbach, S\u00e9lestat, Sigolsheim&#8230;), Rundplastikfiguren tauchen auf (Rosheim), der Mensch wird meist mit seinen Schw\u00e4chen und der B\u00fcrde seines Menschseins konfrontiert (Andlau, Lautenbach)&#8230;<\/p>\n<p style=\"text-align: justify;\">Die romanischen Traditionen wurden im Elsass erst sp\u00e4t fortgef\u00fchrt, bis etwa 1225, als die erste gotische Werkstatt aus der \u00cele- de-France auf die Baustelle der Kathedrale Notre-Dame in Stra\u00dfburg kam.<\/p>\n<p style=\"text-align: justify;\">\n<p style=\"text-align: justify;\">Historischer Kontext :<\/p>\n<p style=\"text-align: justify;\">Nach der Teilung des karolingischen Reiches geh\u00f6rte die Region zun\u00e4chst zu Lotharingien, bevor sie Teil des germanischen Reiches wurde, das sich bald zum Heiligen R\u00f6mischen Reich Deutscher Nation entwickelte. Auf die letzten Karolinger in Deutschland folgten die Ottonen (919-1024) und dann die Salier (1024-1125). Die Herz\u00f6ge des Elsass waren die Etichoniden, auf die die \u00c9guisheim und dann die Hohenstaufen folgten, die 1138 den Kaisertitel erlangen sollten.  <\/p>\n<p>[\/et_pb_text][\/et_pb_column][\/et_pb_row][\/et_pb_section][et_pb_section fb_built=&#8220;1&#8243; custom_padding_last_edited=&#8220;on|phone&#8220; admin_label=&#8220;Category Search Section&#8220; module_id=&#8220;Dokumente&#8220; _builder_version=&#8220;4.16&#8243; custom_padding=&#8220;80px||110px|||&#8220; custom_padding_tablet=&#8220;60px||||false|false&#8220; custom_padding_phone=&#8220;20px||||false|false&#8220; locked=&#8220;off&#8220; global_colors_info=&#8220;{}&#8220;][et_pb_row admin_label=&#8220;Category Search Title Area&#8220; _builder_version=&#8220;4.16&#8243; locked=&#8220;off&#8220; global_colors_info=&#8220;{}&#8220;][et_pb_column type=&#8220;4_4&#8243; _builder_version=&#8220;4.16&#8243; custom_padding=&#8220;|||&#8220; global_colors_info=&#8220;{}&#8220; custom_padding__hover=&#8220;|||&#8220;][et_pb_text admin_label=&#8220;Title&#8220; module_id=&#8220;documentation&#8220; _builder_version=&#8220;4.16&#8243; text_font=&#8220;||||||||&#8220; header_font=&#8220;||||||||&#8220; header_2_font=&#8220;Nunito||||||||&#8220; header_2_text_align=&#8220;center&#8220; header_2_text_color=&#8220;#263954&#8243; header_2_font_size=&#8220;36px&#8220; header_2_line_height=&#8220;1.4em&#8220; custom_margin=&#8220;||5px|&#8220; animation_style=&#8220;fold&#8220; animation_direction=&#8220;bottom&#8220; animation_intensity_fold=&#8220;20%&#8220; animation_starting_opacity=&#8220;100%&#8220; header_2_font_size_tablet=&#8220;30px&#8220; header_2_font_size_phone=&#8220;25px&#8220; header_2_font_size_last_edited=&#8220;on|phone&#8220; global_colors_info=&#8220;{}&#8220;]<\/p>\n<h2>Dokumente<\/h2>\n<p>[\/et_pb_text][et_pb_divider color=&#8220;#0099e5&#8243; divider_position=&#8220;center&#8220; divider_weight=&#8220;2px&#8220; _builder_version=&#8220;4.16&#8243; max_width=&#8220;50px&#8220; module_alignment=&#8220;center&#8220; global_colors_info=&#8220;{}&#8220;][\/et_pb_divider][\/et_pb_column][\/et_pb_row][et_pb_row column_structure=&#8220;1_5,1_5,1_5,1_5,1_5&#8243; use_custom_gutter=&#8220;on&#8220; gutter_width=&#8220;2&#8243; admin_label=&#8220;Kategorien&#8220; _builder_version=&#8220;4.27.4&#8243; max_width=&#8220;1440px&#8220; custom_padding=&#8220;20px|||&#8220; use_custom_width=&#8220;on&#8220; custom_width_px=&#8220;1440px&#8220; global_colors_info=&#8220;{}&#8220;][et_pb_column type=&#8220;1_5&#8243; _builder_version=&#8220;4.16&#8243; custom_padding=&#8220;|||&#8220; global_colors_info=&#8220;{}&#8220; custom_padding__hover=&#8220;|||&#8220;][\/et_pb_column][et_pb_column type=&#8220;1_5&#8243; _builder_version=&#8220;4.16&#8243; custom_padding=&#8220;|||&#8220; global_colors_info=&#8220;{}&#8220; custom_padding__hover=&#8220;|||&#8220;][et_pb_image src=&#8220;https:\/\/www.route-romane.com\/Site\/wp-content\/uploads\/2025\/02\/Depliant-image.png&#8220; title_text=&#8220;D\u00e9pliant image&#8220; _builder_version=&#8220;4.27.4&#8243; _module_preset=&#8220;default&#8220; hover_enabled=&#8220;0&#8243; global_colors_info=&#8220;{}&#8220; sticky_enabled=&#8220;0&#8243;][\/et_pb_image][et_pb_button button_text=&#8220;Flyer&#8220; button_alignment=&#8220;center&#8220; _builder_version=&#8220;4.27.4&#8243; _module_preset=&#8220;default&#8220; custom_button=&#8220;on&#8220; button_text_size=&#8220;16px&#8220; button_text_color=&#8220;#000000&#8243; button_border_width=&#8220;0px&#8220; button_border_radius=&#8220;13px&#8220; button_icon=&#8220;&#xf530;||fa||900&#8243; custom_margin=&#8220;||||false|false&#8220; hover_enabled=&#8220;0&#8243; global_colors_info=&#8220;{}&#8220; button_url=&#8220;https:\/\/www.route-romane.com\/Site\/wp-content\/uploads\/2025\/02\/14-Flyer-A5-Route-Romane-2024-D-WEB.pdf&#8220; url_new_window=&#8220;on&#8220; sticky_enabled=&#8220;0&#8243;][\/et_pb_button][\/et_pb_column][et_pb_column type=&#8220;1_5&#8243; _builder_version=&#8220;4.16&#8243; custom_padding=&#8220;|||&#8220; global_colors_info=&#8220;{}&#8220; custom_padding__hover=&#8220;|||&#8220;][et_pb_image src=&#8220;https:\/\/www.route-romane.com\/Site\/wp-content\/uploads\/2022\/04\/Brochure-RouteRomane-2015-Web-2-1-page-de-garde_page-0001-1.jpg&#8220; title_text=&#8220;Brochure-RouteRomane-2015-Web-2-1 (page de garde)_page-0001&#8243; _builder_version=&#8220;4.27.4&#8243; _module_preset=&#8220;default&#8220; global_colors_info=&#8220;{}&#8220;][\/et_pb_image][et_pb_button button_url=&#8220;https:\/\/www.route-romane.com\/Site\/wp-content\/uploads\/2025\/02\/22-Brochure-Route-Romane-WEB-D.pdf&#8220; url_new_window=&#8220;on&#8220; button_text=&#8220;Brosch\u00fcre&#8220; button_alignment=&#8220;center&#8220; _builder_version=&#8220;4.27.4&#8243; _module_preset=&#8220;default&#8220; custom_button=&#8220;on&#8220; button_text_size=&#8220;16px&#8220; button_text_color=&#8220;#000000&#8243; button_border_width=&#8220;0px&#8220; button_border_radius=&#8220;13px&#8220; button_icon=&#8220;&#xf530;||fa||900&#8243; custom_margin=&#8220;||||false|false&#8220; global_colors_info=&#8220;{}&#8220;][\/et_pb_button][\/et_pb_column][et_pb_column type=&#8220;1_5&#8243; _builder_version=&#8220;4.16&#8243; custom_padding=&#8220;|||&#8220; global_colors_info=&#8220;{}&#8220; custom_padding__hover=&#8220;|||&#8220;][et_pb_image src=&#8220;https:\/\/www.route-romane.com\/Site\/wp-content\/uploads\/2022\/04\/GlossaireRRA-1-page-de-garde_page-0001.jpg&#8220; title_text=&#8220;GlossaireRRA-1 (page de garde)_page-0001&#8243; url=&#8220;https:\/\/www.route-romane.com\/Site\/wp-content\/uploads\/2022\/04\/GlossaireRRA.pdf&#8220; _builder_version=&#8220;4.27.4&#8243; _module_preset=&#8220;default&#8220; global_colors_info=&#8220;{}&#8220;][\/et_pb_image][et_pb_button button_url=&#8220;https:\/\/www.route-romane.com\/Site\/wp-content\/uploads\/2025\/02\/GlossaireRRA.pdf&#8220; url_new_window=&#8220;on&#8220; button_text=&#8220;Glossar&#8220; button_alignment=&#8220;center&#8220; _builder_version=&#8220;4.27.4&#8243; _module_preset=&#8220;default&#8220; custom_button=&#8220;on&#8220; button_text_size=&#8220;16px&#8220; button_text_color=&#8220;#000000&#8243; button_border_width=&#8220;0px&#8220; button_border_radius=&#8220;13px&#8220; button_icon=&#8220;&#xf530;||fa||900&#8243; custom_margin=&#8220;||||false|false&#8220; global_colors_info=&#8220;{}&#8220;][\/et_pb_button][\/et_pb_column][et_pb_column type=&#8220;1_5&#8243; _builder_version=&#8220;4.16&#8243; custom_padding=&#8220;|||&#8220; global_colors_info=&#8220;{}&#8220; custom_padding__hover=&#8220;|||&#8220;][\/et_pb_column][\/et_pb_row][\/et_pb_section]<\/p>\n","protected":false},"excerpt":{"rendered":"<p>Die romanische Kunst im Elsass Entdecken Sie das romanische Kulturerbe des Elsass, indem Sie die Region von Nord nach S\u00fcd durchqueren! Durch die Ebene, die Weinberge und die Berge f\u00fchrt die Route durch die gesamte Region, um mehr als 120 aufgelistete St\u00e4tten zu entdecken, von den prestigetr\u00e4chtigsten bis zu den geheimsten. BeschreibungDas Elsass hat eine [&hellip;]<\/p>\n","protected":false},"author":3,"featured_media":0,"parent":0,"menu_order":0,"comment_status":"closed","ping_status":"closed","template":"","meta":{"_et_pb_use_builder":"on","_et_pb_old_content":"","_et_gb_content_width":"","footnotes":""},"class_list":["post-6549","page","type-page","status-publish","hentry"],"_links":{"self":[{"href":"https:\/\/www.route-romane.com\/de\/wp-json\/wp\/v2\/pages\/6549","targetHints":{"allow":["GET"]}}],"collection":[{"href":"https:\/\/www.route-romane.com\/de\/wp-json\/wp\/v2\/pages"}],"about":[{"href":"https:\/\/www.route-romane.com\/de\/wp-json\/wp\/v2\/types\/page"}],"author":[{"embeddable":true,"href":"https:\/\/www.route-romane.com\/de\/wp-json\/wp\/v2\/users\/3"}],"replies":[{"embeddable":true,"href":"https:\/\/www.route-romane.com\/de\/wp-json\/wp\/v2\/comments?post=6549"}],"version-history":[{"count":12,"href":"https:\/\/www.route-romane.com\/de\/wp-json\/wp\/v2\/pages\/6549\/revisions"}],"predecessor-version":[{"id":7582,"href":"https:\/\/www.route-romane.com\/de\/wp-json\/wp\/v2\/pages\/6549\/revisions\/7582"}],"wp:attachment":[{"href":"https:\/\/www.route-romane.com\/de\/wp-json\/wp\/v2\/media?parent=6549"}],"curies":[{"name":"wp","href":"https:\/\/api.w.org\/{rel}","templated":true}]}}